{"id":741,"date":"2019-03-06T11:29:18","date_gmt":"2019-03-06T10:29:18","guid":{"rendered":"https:\/\/www.imsc.es\/?page_id=741"},"modified":"2021-03-02T20:06:06","modified_gmt":"2021-03-02T19:06:06","slug":"privacy-policy","status":"publish","type":"page","link":"https:\/\/www.imsc.es\/en\/privacy-policy\/","title":{"rendered":"Privacy Policy"},"content":{"rendered":"<div id=\"pl-741\"  class=\"panel-layout\" ><div id=\"pg-741-0\"  class=\"panel-grid panel-no-style\" ><div id=\"pgc-741-0-0\"  class=\"panel-grid-cell\" ><div id=\"panel-741-0-0-0\" class=\"so-panel widget widget_sow-editor panel-first-child\" data-index=\"0\" ><div\n\t\t\t\n\t\t\tclass=\"so-widget-sow-editor so-widget-sow-editor-base\"\n\t\t\t\n\t\t>\n<div class=\"siteorigin-widget-tinymce textwidget\">\n\t<p class=\"p5\"><strong>Who is responsible for the processing of your personal data?<\/strong><\/p>\n<ul>\n<li class=\"p6\">Company Name: Caracoliris S.L.<\/li>\n<li class=\"p6\">CIF: B93497592<\/li>\n<li class=\"p6\">Postal Address: Avda. de la M\u00fasica 120, 29130 Alhaur\u00edn de la Torre, M\u00e1laga<\/li>\n<li class=\"p6\">Telephone: 606064429<\/li>\n<li class=\"p6\">Contact email: gestionmontessoricaracoliris@gmail.com<\/li>\n<\/ul>\n<p class=\"p5\"><strong>For what purpose will we process your personal data?<\/strong><\/p>\n<p class=\"p8\">Your personal data will be used for the purpose of maintaining communications with you in order to respond to your requests for information and, where appropriate, quotations.<\/p>\n<p class=\"p9\"><strong>How long will we keep your personal data?<\/strong><\/p>\n<p class=\"p8\">The personal data provided will be kept for as long as the requested relationship lasts, you do not revoke your consent for these voluntary contacts and once this action has been carried out, they may be kept duly \"blocked\" on the basis of the statute of limitations for possible liabilities arising from the processing of your personal data for a maximum of 3 years.<\/p>\n<p class=\"p9\"><strong>What is the legitimacy for the processing of your personal data?<\/strong><\/p>\n<p class=\"p10\">Execution of pre-contractual measures (requests for information) at the request of the data subject.<\/p>\n<p class=\"p9\"><strong>Is there an obligation to provide such personal data?<\/strong><\/p>\n<p class=\"p8\">Necessary requirement<\/p>\n<p class=\"p9\"><strong>What are the consequences of not doing so?<\/strong><\/p>\n<p class=\"p8\">Impossibility to provide you with the requested information<\/p>\n<p class=\"p9\"><strong>Will we pass on your personal data?<\/strong><\/p>\n<p class=\"p8\">No transfer of data or international transfer of data is foreseen, unless legally obliged to do so.<\/p>\n<p class=\"p9\"><strong>What rights do you have when you provide us with your personal data?<\/strong><\/p>\n<p><strong>Right of Access<\/strong>: You have the right to know if your data is being processed and to receive this information in writing by the means requested.<\/p>\n<p><strong>Right of rectification<\/strong>: You have the right to request rectification of your data if it is inaccurate or incomplete.<\/p>\n<p class=\"p8\">You have the right to request the <strong>deletion<\/strong> of your data, however, you should note that the right of deletion is limited where there is a legal obligation to retain or block your data.<\/p>\n<p>In certain circumstances, data subjects may request the <strong>restriction<\/strong> of the processing of their data, in which case we will only retain the data for the exercise or defence of claims, the protection of third parties or for reasons of substantial public interest.<\/p>\n<p>In certain circumstances and for reasons relating to your particular situation, you may <strong>object<\/strong> to the processing of your data. The controller will stop processing the data, except for compelling legitimate reasons, or the exercise or defence of any claims.<\/p>\n<p class=\"p8\">Where the processing of your data is based on consent or is necessary for the performance of a contract or pre-contract and is carried out by automated means, you have the right to data portability, i.e. to have your data provided to you in a structured, commonly used and machine-readable form, including the right to have them transferred to a new controller.<\/p>\n<p class=\"p10\">Any data subject may lodge a <strong>complaint<\/strong> with the competent Data Protection Supervisory Authority, especially when they have not obtained satisfaction in the exercise of their rights and the way to contact them would be to write to Agencia Espa\u00f1ola de Protecci\u00f3n de Datos Personales at C\/Jorge Juan n.\u00ba 6, 28001 Madrid or through its electronic headquarters at www.agpd.es<\/p>\n<p class=\"p10\">The forms for requesting the exercise of your rights are available at the Centre's Secretary's Office, you may also request them in writing or by email to the address of the Data Controller and you may also obtain them from the electronic headquarters of the Supervisory Authority at www.agpd.es and they must be sent to the postal or electronic address of the Data Controller.<\/p>\n<p>&nbsp;<\/p>\n<\/div>\n<\/div><\/div><div id=\"panel-741-0-0-1\" class=\"so-panel widget panel-last-child\" data-index=\"1\" ><\/div><\/div><\/div><\/div>","protected":false},"excerpt":{"rendered":"<p>Who is responsible for the processing of your personal data? Company Name: Caracoliris S.L. CIF: B93497592 Postal Address: Avda. de la M\u00fasica 120, 29130 Alhaur\u00edn de la Torre, M\u00e1laga Telephone: 606064429 Contact email: gestionmontessoricaracoliris@gmail.com For what purpose will we process<\/p>\n","protected":false},"author":7,"featured_media":0,"parent":0,"menu_order":0,"comment_status":"closed","ping_status":"closed","template":"","meta":{"inline_featured_image":false,"_genesis_hide_title":false,"_genesis_hide_breadcrumbs":false,"_genesis_hide_singular_image":false,"_genesis_hide_footer_widgets":false,"_genesis_custom_body_class":"","_genesis_custom_post_class":"","_genesis_layout":"","footnotes":""},"class_list":{"0":"post-741","1":"page","2":"type-page","3":"status-publish","5":"entry"},"yoast_head":"<!-- This site is optimized with the Yoast SEO plugin v25.3 - https:\/\/yoast.com\/wordpress\/plugins\/seo\/ -->\n<title>Privacy Policy - Caracoliris EN<\/title>\n<meta name=\"robots\" content=\"noindex, follow\" \/>\n<meta property=\"og:locale\" content=\"en_US\" \/>\n<meta property=\"og:type\" content=\"article\" \/>\n<meta property=\"og:title\" content=\"Privacy Policy - Caracoliris EN\" \/>\n<meta property=\"og:description\" content=\"Who is responsible for the processing of your personal data? Company Name: Caracoliris S.L. CIF: B93497592 Postal Address: Avda. de la M\u00fasica 120, 29130 Alhaur\u00edn de la Torre, M\u00e1laga Telephone: 606064429 Contact email: gestionmontessoricaracoliris@gmail.com For what purpose will we process\" \/>\n<meta property=\"og:url\" content=\"https:\/\/www.imsc.es\/en\/privacy-policy\/\" \/>\n<meta property=\"og:site_name\" content=\"Caracoliris EN\" \/>\n<meta property=\"article:modified_time\" content=\"2021-03-02T19:06:06+00:00\" \/>\n<meta name=\"twitter:card\" content=\"summary_large_image\" \/>\n<meta name=\"twitter:label1\" content=\"Est. reading time\" \/>\n\t<meta name=\"twitter:data1\" content=\"3 minutes\" \/>\n<script type=\"application\/ld+json\" class=\"yoast-schema-graph\">{\"@context\":\"https:\/\/schema.org\",\"@graph\":[{\"@type\":\"WebPage\",\"@id\":\"https:\/\/www.imsc.es\/en\/privacy-policy\/\",\"url\":\"https:\/\/www.imsc.es\/en\/privacy-policy\/\",\"name\":\"Privacy Policy - Caracoliris EN\",\"isPartOf\":{\"@id\":\"https:\/\/www.imsc.es\/en\/#website\"},\"datePublished\":\"2019-03-06T10:29:18+00:00\",\"dateModified\":\"2021-03-02T19:06:06+00:00\",\"breadcrumb\":{\"@id\":\"https:\/\/www.imsc.es\/en\/privacy-policy\/#breadcrumb\"},\"inLanguage\":\"en-US\",\"potentialAction\":[{\"@type\":\"ReadAction\",\"target\":[\"https:\/\/www.imsc.es\/en\/privacy-policy\/\"]}]},{\"@type\":\"BreadcrumbList\",\"@id\":\"https:\/\/www.imsc.es\/en\/privacy-policy\/#breadcrumb\",\"itemListElement\":[{\"@type\":\"ListItem\",\"position\":1,\"name\":\"Portada\",\"item\":\"https:\/\/www.imsc.es\/en\/\"},{\"@type\":\"ListItem\",\"position\":2,\"name\":\"Privacy Policy\"}]},{\"@type\":\"WebSite\",\"@id\":\"https:\/\/www.imsc.es\/en\/#website\",\"url\":\"https:\/\/www.imsc.es\/en\/\",\"name\":\"Caracoliris EN\",\"description\":\"Colegio Biling\u00fce Formaci\u00f3n Montessori en M\u00e1laga\",\"publisher\":{\"@id\":\"https:\/\/www.imsc.es\/en\/#organization\"},\"potentialAction\":[{\"@type\":\"SearchAction\",\"target\":{\"@type\":\"EntryPoint\",\"urlTemplate\":\"https:\/\/www.imsc.es\/en\/?s={search_term_string}\"},\"query-input\":{\"@type\":\"PropertyValueSpecification\",\"valueRequired\":true,\"valueName\":\"search_term_string\"}}],\"inLanguage\":\"en-US\"},{\"@type\":\"Organization\",\"@id\":\"https:\/\/www.imsc.es\/en\/#organization\",\"name\":\"Caracoliris EN\",\"url\":\"https:\/\/www.imsc.es\/en\/\",\"logo\":{\"@type\":\"ImageObject\",\"inLanguage\":\"en-US\",\"@id\":\"https:\/\/www.imsc.es\/en\/#\/schema\/logo\/image\/\",\"url\":\"https:\/\/www.imsc.es\/en\/wp-content\/uploads\/sites\/4\/2024\/02\/logo-horizontal-colores.png\",\"contentUrl\":\"https:\/\/www.imsc.es\/en\/wp-content\/uploads\/sites\/4\/2024\/02\/logo-horizontal-colores.png\",\"width\":1908,\"height\":690,\"caption\":\"Caracoliris EN\"},\"image\":{\"@id\":\"https:\/\/www.imsc.es\/en\/#\/schema\/logo\/image\/\"}}]}<\/script>\n<!-- \/ Yoast SEO plugin. -->","yoast_head_json":{"title":"Privacy Policy - Caracoliris EN","robots":{"index":"noindex","follow":"follow"},"og_locale":"en_US","og_type":"article","og_title":"Privacy Policy - Caracoliris EN","og_description":"Who is responsible for the processing of your personal data? Company Name: Caracoliris S.L. CIF: B93497592 Postal Address: Avda. de la M\u00fasica 120, 29130 Alhaur\u00edn de la Torre, M\u00e1laga Telephone: 606064429 Contact email: gestionmontessoricaracoliris@gmail.com For what purpose will we process","og_url":"https:\/\/www.imsc.es\/en\/privacy-policy\/","og_site_name":"Caracoliris EN","article_modified_time":"2021-03-02T19:06:06+00:00","twitter_card":"summary_large_image","twitter_misc":{"Est. reading time":"3 minutes"},"schema":{"@context":"https:\/\/schema.org","@graph":[{"@type":"WebPage","@id":"https:\/\/www.imsc.es\/en\/privacy-policy\/","url":"https:\/\/www.imsc.es\/en\/privacy-policy\/","name":"Privacy Policy - Caracoliris EN","isPartOf":{"@id":"https:\/\/www.imsc.es\/en\/#website"},"datePublished":"2019-03-06T10:29:18+00:00","dateModified":"2021-03-02T19:06:06+00:00","breadcrumb":{"@id":"https:\/\/www.imsc.es\/en\/privacy-policy\/#breadcrumb"},"inLanguage":"en-US","potentialAction":[{"@type":"ReadAction","target":["https:\/\/www.imsc.es\/en\/privacy-policy\/"]}]},{"@type":"BreadcrumbList","@id":"https:\/\/www.imsc.es\/en\/privacy-policy\/#breadcrumb","itemListElement":[{"@type":"ListItem","position":1,"name":"Portada","item":"https:\/\/www.imsc.es\/en\/"},{"@type":"ListItem","position":2,"name":"Privacy Policy"}]},{"@type":"WebSite","@id":"https:\/\/www.imsc.es\/en\/#website","url":"https:\/\/www.imsc.es\/en\/","name":"Caracoliris EN","description":"Colegio Biling\u00fce Formaci\u00f3n Montessori en M\u00e1laga","publisher":{"@id":"https:\/\/www.imsc.es\/en\/#organization"},"potentialAction":[{"@type":"SearchAction","target":{"@type":"EntryPoint","urlTemplate":"https:\/\/www.imsc.es\/en\/?s={search_term_string}"},"query-input":{"@type":"PropertyValueSpecification","valueRequired":true,"valueName":"search_term_string"}}],"inLanguage":"en-US"},{"@type":"Organization","@id":"https:\/\/www.imsc.es\/en\/#organization","name":"Caracoliris EN","url":"https:\/\/www.imsc.es\/en\/","logo":{"@type":"ImageObject","inLanguage":"en-US","@id":"https:\/\/www.imsc.es\/en\/#\/schema\/logo\/image\/","url":"https:\/\/www.imsc.es\/en\/wp-content\/uploads\/sites\/4\/2024\/02\/logo-horizontal-colores.png","contentUrl":"https:\/\/www.imsc.es\/en\/wp-content\/uploads\/sites\/4\/2024\/02\/logo-horizontal-colores.png","width":1908,"height":690,"caption":"Caracoliris EN"},"image":{"@id":"https:\/\/www.imsc.es\/en\/#\/schema\/logo\/image\/"}}]}},"featured_image_src":null,"featured_image_src_square":null,"_links":{"self":[{"href":"https:\/\/www.imsc.es\/en\/wp-json\/wp\/v2\/pages\/741","targetHints":{"allow":["GET"]}}],"collection":[{"href":"https:\/\/www.imsc.es\/en\/wp-json\/wp\/v2\/pages"}],"about":[{"href":"https:\/\/www.imsc.es\/en\/wp-json\/wp\/v2\/types\/page"}],"author":[{"embeddable":true,"href":"https:\/\/www.imsc.es\/en\/wp-json\/wp\/v2\/users\/7"}],"replies":[{"embeddable":true,"href":"https:\/\/www.imsc.es\/en\/wp-json\/wp\/v2\/comments?post=741"}],"version-history":[{"count":5,"href":"https:\/\/www.imsc.es\/en\/wp-json\/wp\/v2\/pages\/741\/revisions"}],"predecessor-version":[{"id":1143,"href":"https:\/\/www.imsc.es\/en\/wp-json\/wp\/v2\/pages\/741\/revisions\/1143"}],"wp:attachment":[{"href":"https:\/\/www.imsc.es\/en\/wp-json\/wp\/v2\/media?parent=741"}],"curies":[{"name":"wp","href":"https:\/\/api.w.org\/{rel}","templated":true}]}}