{"id":183,"date":"2018-09-21T14:04:07","date_gmt":"2018-09-21T12:04:07","guid":{"rendered":"https:\/\/www.imsc.es\/?page_id=183"},"modified":"2023-03-13T09:33:33","modified_gmt":"2023-03-13T08:33:33","slug":"home","status":"publish","type":"page","link":"https:\/\/www.imsc.es\/en\/home\/","title":{"rendered":"Caracoliris"},"content":{"rendered":"<div id=\"pl-183\"  class=\"panel-layout\" ><div id=\"pg-183-0\"  class=\"panel-grid panel-has-style\" ><div class=\"oferta_educativa oferta_educativa_page mision cuadro-azul panel-row-style panel-row-style-for-183-0\" ><div id=\"pgc-183-0-0\"  class=\"panel-grid-cell\" ><div id=\"panel-183-0-0-0\" class=\"so-panel widget widget_text panel-first-child panel-last-child\" data-index=\"0\" ><h3 class=\"widget-title\">Our school<\/h3>\t\t\t<div class=\"textwidget\"><div class=\"page\" title=\"Page 3\">\n<div class=\"section\">\n<p>The Montessori Caracoliris Infant School is committed to a comprehensive and integrated educational model that represents a change in the educational model. Both professionals and collaborators are working to make EIMC an international Montessori reference centre.<\/p>\n<p>&nbsp;<\/p>\n<\/div>\n<\/div>\n<\/div>\n\t\t<\/div><\/div><\/div><\/div><div id=\"pg-183-1\"  class=\"panel-grid panel-has-style\" ><div class=\"cuadro-verde vision panel-row-style panel-row-style-for-183-1\" ><div id=\"pgc-183-1-0\"  class=\"panel-grid-cell\" ><div id=\"panel-183-1-0-0\" class=\"so-panel widget widget_text panel-first-child panel-last-child\" data-index=\"1\" ><h3 class=\"widget-title\">School Vision<\/h3>\t\t\t<div class=\"textwidget\"><p>Caracoliris incorporates the culture and mother tongue of the children into the learning process, empowering them and creating moments where they can exchange experiences. It includes spaces for experiential presentations, communication in a second language, as well as sign language.<\/p>\n<\/div>\n\t\t<\/div><\/div><\/div><\/div><div id=\"pg-183-2\"  class=\"panel-grid panel-has-style\" ><div class=\"principios historia panel-row-style panel-row-style-for-183-2\" ><div id=\"pgc-183-2-0\"  class=\"panel-grid-cell\" ><div id=\"panel-183-2-0-0\" class=\"so-panel widget widget_sow-editor panel-first-child panel-last-child\" data-index=\"2\" ><div\n\t\t\t\n\t\t\tclass=\"so-widget-sow-editor so-widget-sow-editor-base\"\n\t\t\t\n\t\t><h3 class=\"widget-title\">History of Caracoliris<\/h3>\n<div class=\"siteorigin-widget-tinymce textwidget\">\n\t<p>In March 2013, two young speech therapists, Marina Osorio and Beatriz Ram\u00edrez, started Centro Bemar, a multidisciplinary educational and health entity focused on working with people from problematic situations that are poorly served in public education. Before, they had accumulated experience working with children with special needs.<\/p>\n<\/div>\n<\/div><\/div><\/div><\/div><\/div><div id=\"pg-183-3\"  class=\"panel-grid panel-has-style\" ><div class=\"principios panel-row-style panel-row-style-for-183-3\" ><div id=\"pgc-183-3-0\"  class=\"panel-grid-cell panel-grid-cell-empty\" ><\/div><div id=\"pgc-183-3-1\"  class=\"panel-grid-cell\" ><div id=\"panel-183-3-1-0\" class=\"so-panel widget widget_sow-editor panel-first-child panel-last-child\" data-index=\"3\" ><div\n\t\t\t\n\t\t\tclass=\"so-widget-sow-editor so-widget-sow-editor-base\"\n\t\t\t\n\t\t>\n<div class=\"siteorigin-widget-tinymce textwidget\">\n\t<p><em>\"We like to be able to serve as a channel for their development, to see them smile when they are treated with consideration and kindness, to contribute to their integration and to foster respect and equality.\"<\/em><\/p>\n<p>Marina Osorio<\/p>\n<\/div>\n<\/div><\/div><\/div><\/div><\/div><div id=\"pg-183-4\"  class=\"panel-grid panel-has-style\" ><div class=\"principios panel-row-style panel-row-style-for-183-4\" ><div id=\"pgc-183-4-0\"  class=\"panel-grid-cell\" ><div id=\"panel-183-4-0-0\" class=\"so-panel widget widget_sow-editor panel-first-child panel-last-child\" data-index=\"4\" ><div\n\t\t\t\n\t\t\tclass=\"so-widget-sow-editor so-widget-sow-editor-base\"\n\t\t\t\n\t\t>\n<div class=\"siteorigin-widget-tinymce textwidget\">\n\t<p>They began their training with different models of pedagogy and devised a way to implement a project that would address those situations detected. After contrasting and evaluating alternatives, the connection was established between their pedagogical philosophy and the Montessori Scientific Pedagogy Model. They continued their training, gathering information and organising meetings with possible families interested in this learning model.<\/p>\n<p>This is how the Montessori Caracoliris nursery school was born. Once the space for the educational center was established, they undertook this project to improve the integral and integrated educational process in what is a dream for its founders. Both they and the professionals who have joined the project are very involved in the project that works for change in education. Together they work to make Montessori Caracoliris an international Montessori reference centre.<\/p>\n<p>But it is not only the professionals who make Caracoliris. The school has loving children eager to investigate and learn by their own means. The school breathes their entrepreneurial spirit, their way of connecting with others and their special vision. The Montessori method is applied to live a learning based on the special vision of the student through respect, responsibility and unity.<\/p>\n<\/div>\n<\/div><\/div><\/div><\/div><\/div><div id=\"pg-183-5\"  class=\"panel-grid panel-has-style\" ><div class=\"valores-tit panel-row-style panel-row-style-for-183-5\" ><div id=\"pgc-183-5-0\"  class=\"panel-grid-cell\" ><div id=\"panel-183-5-0-0\" class=\"so-panel widget widget_text panel-first-child panel-last-child\" data-index=\"5\" ><h3 class=\"widget-title\">Values<\/h3>\t\t\t<div class=\"textwidget\"><\/div>\n\t\t<\/div><\/div><\/div><\/div><div id=\"pg-183-6\"  class=\"panel-grid panel-has-style\" ><div class=\"valores panel-row-style panel-row-style-for-183-6\" ><div id=\"pgc-183-6-0\"  class=\"panel-grid-cell\" ><div id=\"panel-183-6-0-0\" class=\"so-panel widget widget_text panel-first-child panel-last-child\" data-index=\"6\" ><div class=\"par panel-widget-style panel-widget-style-for-183-6-0-0\" >\t\t\t<div class=\"textwidget\"><p>Respect<\/p>\n<\/div>\n\t\t<\/div><\/div><\/div><div id=\"pgc-183-6-1\"  class=\"panel-grid-cell\" ><div id=\"panel-183-6-1-0\" class=\"so-panel widget widget_text panel-first-child panel-last-child\" data-index=\"7\" ><div class=\"impar panel-widget-style panel-widget-style-for-183-6-1-0\" >\t\t\t<div class=\"textwidget\"><p>Responsability<\/p>\n<\/div>\n\t\t<\/div><\/div><\/div><div id=\"pgc-183-6-2\"  class=\"panel-grid-cell\" ><div id=\"panel-183-6-2-0\" class=\"so-panel widget widget_text panel-first-child panel-last-child\" data-index=\"8\" ><div class=\"par panel-widget-style panel-widget-style-for-183-6-2-0\" >\t\t\t<div class=\"textwidget\"><p>Love<\/p>\n<\/div>\n\t\t<\/div><\/div><\/div><div id=\"pgc-183-6-3\"  class=\"panel-grid-cell\" ><div id=\"panel-183-6-3-0\" class=\"so-panel widget widget_text panel-first-child panel-last-child\" data-index=\"9\" ><div class=\"impar panel-widget-style panel-widget-style-for-183-6-3-0\" >\t\t\t<div class=\"textwidget\"><p>Nobility<\/p>\n<\/div>\n\t\t<\/div><\/div><\/div><div id=\"pgc-183-6-4\"  class=\"panel-grid-cell\" ><div id=\"panel-183-6-4-0\" class=\"so-panel widget widget_text panel-first-child panel-last-child\" data-index=\"10\" ><div class=\"par panel-widget-style panel-widget-style-for-183-6-4-0\" >\t\t\t<div class=\"textwidget\"><p>Stronghold<\/p>\n<\/div>\n\t\t<\/div><\/div><\/div><div id=\"pgc-183-6-5\"  class=\"panel-grid-cell\" ><div id=\"panel-183-6-5-0\" class=\"so-panel widget widget_text panel-first-child panel-last-child\" data-index=\"11\" ><div class=\"impar panel-widget-style panel-widget-style-for-183-6-5-0\" >\t\t\t<div class=\"textwidget\"><p>Freedom<\/p>\n<\/div>\n\t\t<\/div><\/div><\/div><div id=\"pgc-183-6-6\"  class=\"panel-grid-cell\" ><div id=\"panel-183-6-6-0\" class=\"so-panel widget widget_text panel-first-child panel-last-child\" data-index=\"12\" ><div class=\"par panel-widget-style panel-widget-style-for-183-6-6-0\" >\t\t\t<div class=\"textwidget\"><p>Spirituality<\/p>\n<\/div>\n\t\t<\/div><\/div><\/div><div id=\"pgc-183-6-7\"  class=\"panel-grid-cell\" ><div id=\"panel-183-6-7-0\" class=\"so-panel widget widget_text panel-first-child panel-last-child\" data-index=\"13\" ><div class=\"impar panel-widget-style panel-widget-style-for-183-6-7-0\" >\t\t\t<div class=\"textwidget\"><p>Personality<\/p>\n<\/div>\n\t\t<\/div><\/div><\/div><\/div><\/div><div id=\"pg-183-7\"  class=\"panel-grid panel-has-style\" ><div class=\"ultimas-noticias singular siteorigin-panels-stretch panel-row-style panel-row-style-for-183-7\" data-stretch-type=\"full\" ><div id=\"pgc-183-7-0\"  class=\"panel-grid-cell\" ><div id=\"panel-183-7-0-0\" class=\"so-panel widget widget_widget_latest_posts widget_latest_posts panel-first-child panel-last-child\" data-index=\"14\" ><div class=\"entradas panel-widget-style panel-widget-style-for-183-7-0-0\" >\n\t\t<h3 class=\"widget-title\">Latest News<\/h3>\n\t\t<div class=\"ultimas-entradas\"><a href=\"https:\/\/www.imsc.es\/en\/blog\/2022\/04\/08\/the-new-course-begins-at-montessori-caracoliris\/\" class=\"item-post\"><div class=\"fecha-post\">08\/04\/2022<\/div><h3 class=\"widget-title-blog\">The new course begins at Montessori Caracoliris<\/h3><\/a><\/div><\/div><\/div><\/div><\/div><\/div><div id=\"pg-183-8\"  class=\"panel-grid panel-has-style\" ><div class=\"informacion singular siteorigin-panels-stretch panel-row-style panel-row-style-for-183-8\" data-stretch-type=\"full\" ><div id=\"pgc-183-8-0\"  class=\"panel-grid-cell\" ><div id=\"panel-183-8-0-0\" class=\"so-panel widget widget_text panel-first-child panel-last-child\" data-index=\"15\" ><h3 class=\"widget-title\">Information +34 606 064 429 \/ +34 625 906 714<\/h3>\t\t\t<div class=\"textwidget\"><p>Avda. de la M\u00fasica, 120 Alhaur\u00edn de la Torre (M\u00e1laga)<\/p>\n<\/div>\n\t\t<\/div><\/div><\/div><\/div><\/div>","protected":false},"excerpt":{"rendered":"<p>Caracoliris is a school that is based on the Montessori method to bet for a free and integral development of the students. <\/p>\n","protected":false},"author":7,"featured_media":0,"parent":0,"menu_order":0,"comment_status":"closed","ping_status":"closed","template":"","meta":{"inline_featured_image":false,"_genesis_hide_title":false,"_genesis_hide_breadcrumbs":false,"_genesis_hide_singular_image":false,"_genesis_hide_footer_widgets":false,"_genesis_custom_body_class":"","_genesis_custom_post_class":"","_genesis_layout":"","footnotes":""},"class_list":{"0":"post-183","1":"page","2":"type-page","3":"status-publish","5":"entry"},"yoast_head":"<!-- This site is optimized with the Yoast SEO plugin v25.3 - https:\/\/yoast.com\/wordpress\/plugins\/seo\/ -->\n<title>Caracoliris - International Montessori School -<\/title>\n<meta name=\"description\" content=\"Caracoliris is a school that is based on the Montessori method to bet for a free and integral development of the students.\" \/>\n<meta name=\"robots\" content=\"index, follow, max-snippet:-1, max-image-preview:large, max-video-preview:-1\" \/>\n<link rel=\"canonical\" href=\"https:\/\/www.imsc.es\/en\/home\/\" \/>\n<meta property=\"og:locale\" content=\"en_US\" \/>\n<meta property=\"og:type\" content=\"article\" \/>\n<meta property=\"og:title\" content=\"Caracoliris - International Montessori School -\" \/>\n<meta property=\"og:description\" content=\"Caracoliris is a school that is based on the Montessori method to bet for a free and integral development of the students.\" \/>\n<meta property=\"og:url\" content=\"https:\/\/www.imsc.es\/en\/home\/\" \/>\n<meta property=\"og:site_name\" content=\"Caracoliris EN\" \/>\n<meta property=\"article:modified_time\" content=\"2023-03-13T08:33:33+00:00\" \/>\n<meta name=\"twitter:card\" content=\"summary_large_image\" \/>\n<meta name=\"twitter:label1\" content=\"Est. reading time\" \/>\n\t<meta name=\"twitter:data1\" content=\"2 minutes\" \/>\n<script type=\"application\/ld+json\" class=\"yoast-schema-graph\">{\"@context\":\"https:\/\/schema.org\",\"@graph\":[{\"@type\":\"WebPage\",\"@id\":\"https:\/\/www.imsc.es\/en\/home\/\",\"url\":\"https:\/\/www.imsc.es\/en\/home\/\",\"name\":\"Caracoliris - International Montessori School -\",\"isPartOf\":{\"@id\":\"https:\/\/www.imsc.es\/en\/#website\"},\"datePublished\":\"2018-09-21T12:04:07+00:00\",\"dateModified\":\"2023-03-13T08:33:33+00:00\",\"description\":\"Caracoliris is a school that is based on the Montessori method to bet for a free and integral development of the students.\",\"breadcrumb\":{\"@id\":\"https:\/\/www.imsc.es\/en\/home\/#breadcrumb\"},\"inLanguage\":\"en-US\",\"potentialAction\":[{\"@type\":\"ReadAction\",\"target\":[\"https:\/\/www.imsc.es\/en\/home\/\"]}]},{\"@type\":\"BreadcrumbList\",\"@id\":\"https:\/\/www.imsc.es\/en\/home\/#breadcrumb\",\"itemListElement\":[{\"@type\":\"ListItem\",\"position\":1,\"name\":\"Portada\",\"item\":\"https:\/\/www.imsc.es\/en\/\"},{\"@type\":\"ListItem\",\"position\":2,\"name\":\"Caracoliris\"}]},{\"@type\":\"WebSite\",\"@id\":\"https:\/\/www.imsc.es\/en\/#website\",\"url\":\"https:\/\/www.imsc.es\/en\/\",\"name\":\"Caracoliris EN\",\"description\":\"Colegio Biling\u00fce Formaci\u00f3n Montessori en M\u00e1laga\",\"publisher\":{\"@id\":\"https:\/\/www.imsc.es\/en\/#organization\"},\"potentialAction\":[{\"@type\":\"SearchAction\",\"target\":{\"@type\":\"EntryPoint\",\"urlTemplate\":\"https:\/\/www.imsc.es\/en\/?s={search_term_string}\"},\"query-input\":{\"@type\":\"PropertyValueSpecification\",\"valueRequired\":true,\"valueName\":\"search_term_string\"}}],\"inLanguage\":\"en-US\"},{\"@type\":\"Organization\",\"@id\":\"https:\/\/www.imsc.es\/en\/#organization\",\"name\":\"Caracoliris EN\",\"url\":\"https:\/\/www.imsc.es\/en\/\",\"logo\":{\"@type\":\"ImageObject\",\"inLanguage\":\"en-US\",\"@id\":\"https:\/\/www.imsc.es\/en\/#\/schema\/logo\/image\/\",\"url\":\"https:\/\/www.imsc.es\/en\/wp-content\/uploads\/sites\/4\/2024\/02\/logo-horizontal-colores.png\",\"contentUrl\":\"https:\/\/www.imsc.es\/en\/wp-content\/uploads\/sites\/4\/2024\/02\/logo-horizontal-colores.png\",\"width\":1908,\"height\":690,\"caption\":\"Caracoliris EN\"},\"image\":{\"@id\":\"https:\/\/www.imsc.es\/en\/#\/schema\/logo\/image\/\"}}]}<\/script>\n<!-- \/ Yoast SEO plugin. -->","yoast_head_json":{"title":"Caracoliris - International Montessori School -","description":"Caracoliris is a school that is based on the Montessori method to bet for a free and integral development of the students.","robots":{"index":"index","follow":"follow","max-snippet":"max-snippet:-1","max-image-preview":"max-image-preview:large","max-video-preview":"max-video-preview:-1"},"canonical":"https:\/\/www.imsc.es\/en\/home\/","og_locale":"en_US","og_type":"article","og_title":"Caracoliris - International Montessori School -","og_description":"Caracoliris is a school that is based on the Montessori method to bet for a free and integral development of the students.","og_url":"https:\/\/www.imsc.es\/en\/home\/","og_site_name":"Caracoliris EN","article_modified_time":"2023-03-13T08:33:33+00:00","twitter_card":"summary_large_image","twitter_misc":{"Est. reading time":"2 minutes"},"schema":{"@context":"https:\/\/schema.org","@graph":[{"@type":"WebPage","@id":"https:\/\/www.imsc.es\/en\/home\/","url":"https:\/\/www.imsc.es\/en\/home\/","name":"Caracoliris - International Montessori School -","isPartOf":{"@id":"https:\/\/www.imsc.es\/en\/#website"},"datePublished":"2018-09-21T12:04:07+00:00","dateModified":"2023-03-13T08:33:33+00:00","description":"Caracoliris is a school that is based on the Montessori method to bet for a free and integral development of the students.","breadcrumb":{"@id":"https:\/\/www.imsc.es\/en\/home\/#breadcrumb"},"inLanguage":"en-US","potentialAction":[{"@type":"ReadAction","target":["https:\/\/www.imsc.es\/en\/home\/"]}]},{"@type":"BreadcrumbList","@id":"https:\/\/www.imsc.es\/en\/home\/#breadcrumb","itemListElement":[{"@type":"ListItem","position":1,"name":"Portada","item":"https:\/\/www.imsc.es\/en\/"},{"@type":"ListItem","position":2,"name":"Caracoliris"}]},{"@type":"WebSite","@id":"https:\/\/www.imsc.es\/en\/#website","url":"https:\/\/www.imsc.es\/en\/","name":"Caracoliris EN","description":"Colegio Biling\u00fce Formaci\u00f3n Montessori en M\u00e1laga","publisher":{"@id":"https:\/\/www.imsc.es\/en\/#organization"},"potentialAction":[{"@type":"SearchAction","target":{"@type":"EntryPoint","urlTemplate":"https:\/\/www.imsc.es\/en\/?s={search_term_string}"},"query-input":{"@type":"PropertyValueSpecification","valueRequired":true,"valueName":"search_term_string"}}],"inLanguage":"en-US"},{"@type":"Organization","@id":"https:\/\/www.imsc.es\/en\/#organization","name":"Caracoliris EN","url":"https:\/\/www.imsc.es\/en\/","logo":{"@type":"ImageObject","inLanguage":"en-US","@id":"https:\/\/www.imsc.es\/en\/#\/schema\/logo\/image\/","url":"https:\/\/www.imsc.es\/en\/wp-content\/uploads\/sites\/4\/2024\/02\/logo-horizontal-colores.png","contentUrl":"https:\/\/www.imsc.es\/en\/wp-content\/uploads\/sites\/4\/2024\/02\/logo-horizontal-colores.png","width":1908,"height":690,"caption":"Caracoliris EN"},"image":{"@id":"https:\/\/www.imsc.es\/en\/#\/schema\/logo\/image\/"}}]}},"featured_image_src":null,"featured_image_src_square":null,"_links":{"self":[{"href":"https:\/\/www.imsc.es\/en\/wp-json\/wp\/v2\/pages\/183","targetHints":{"allow":["GET"]}}],"collection":[{"href":"https:\/\/www.imsc.es\/en\/wp-json\/wp\/v2\/pages"}],"about":[{"href":"https:\/\/www.imsc.es\/en\/wp-json\/wp\/v2\/types\/page"}],"author":[{"embeddable":true,"href":"https:\/\/www.imsc.es\/en\/wp-json\/wp\/v2\/users\/7"}],"replies":[{"embeddable":true,"href":"https:\/\/www.imsc.es\/en\/wp-json\/wp\/v2\/comments?post=183"}],"version-history":[{"count":5,"href":"https:\/\/www.imsc.es\/en\/wp-json\/wp\/v2\/pages\/183\/revisions"}],"predecessor-version":[{"id":1233,"href":"https:\/\/www.imsc.es\/en\/wp-json\/wp\/v2\/pages\/183\/revisions\/1233"}],"wp:attachment":[{"href":"https:\/\/www.imsc.es\/en\/wp-json\/wp\/v2\/media?parent=183"}],"curies":[{"name":"wp","href":"https:\/\/api.w.org\/{rel}","templated":true}]}}