{"id":172,"date":"2018-09-19T12:47:20","date_gmt":"2018-09-19T10:47:20","guid":{"rendered":"https:\/\/www.imsc.es\/?page_id=172"},"modified":"2021-05-04T16:28:05","modified_gmt":"2021-05-04T14:28:05","slug":"welcome","status":"publish","type":"page","link":"https:\/\/www.imsc.es\/en\/home\/welcome\/","title":{"rendered":"Welcome"},"content":{"rendered":"<div id=\"pl-172\"  class=\"panel-layout\" ><div id=\"pg-172-0\"  class=\"panel-grid panel-has-style\" ><div class=\"oferta_educativa oferta_educativa_page mision cuadro-azul panel-row-style panel-row-style-for-172-0\" ><div id=\"pgc-172-0-0\"  class=\"panel-grid-cell\" ><div id=\"panel-172-0-0-0\" class=\"so-panel widget widget_text panel-first-child panel-last-child\" data-index=\"0\" ><h3 class=\"widget-title\">Dear families<\/h3>\t\t\t<div class=\"textwidget\"><div class=\"page\" title=\"Page 3\">\n<div class=\"section\">\n<p>We welcome you to this Montessori Community which is made up of the Project Directors, the Guides and Assistants, the students of the centre and you as families of this student body.<\/p>\n<p>&nbsp;<\/p>\n<\/div>\n<\/div>\n<\/div>\n\t\t<\/div><\/div><\/div><\/div><div id=\"pg-172-1\"  class=\"panel-grid panel-has-style\" ><div class=\"cuadro-verde vision panel-row-style panel-row-style-for-172-1\" ><div id=\"pgc-172-1-0\"  class=\"panel-grid-cell\" ><div id=\"panel-172-1-0-0\" class=\"so-panel widget widget_text panel-first-child panel-last-child\" data-index=\"1\" ><h3 class=\"widget-title\">Montessori Values<\/h3>\t\t\t<div class=\"textwidget\"><p>From now on your sons and daughters will be formed in an International School characterized by the Montessori Pedagogy in which values such as coexistence, solidarity, respect and love are present at all times.<\/p>\n<\/div>\n\t\t<\/div><\/div><\/div><\/div><div id=\"pg-172-2\"  class=\"panel-grid panel-has-style\" ><div class=\"principios historia panel-row-style panel-row-style-for-172-2\" ><div id=\"pgc-172-2-0\"  class=\"panel-grid-cell\" ><div id=\"panel-172-2-0-0\" class=\"so-panel widget widget_sow-editor panel-first-child panel-last-child\" data-index=\"2\" ><div\n\t\t\t\n\t\t\tclass=\"so-widget-sow-editor so-widget-sow-editor-base\"\n\t\t\t\n\t\t><h3 class=\"widget-title\">Common values<\/h3>\n<div class=\"siteorigin-widget-tinymce textwidget\">\n\t<p>And in these values you families must integrate yourselves in order to, uniting efforts, create commitments towards the integral development of all the abilities of our students, promoting the acquisition of competencies that allow the child to incorporate himself into adult life and the development of a permanent and autonomous learning throughout life.<\/p>\n<p>Both guides and assistants are there to help you in everything you may require at an educational level, being open to any proposals for improvement and suggestions you think it is opportune to send us.<\/p>\n<p>Along with the obligation to watch over the child's concentration and self-training within the environment, there is the daily dedication of the guides to ensure that the child can bring to light all their potentialities.<\/p>\n<p>There are some general rules of coexistence by which we will govern throughout the school year. Organisational and functional rules that facilitate the achievement of the appropriate climate of coexistence in order to achieve the objectives that the centre has set itself and to maintain an atmosphere of respect, trust and collaboration between all sectors of the Montessori community. Being enrolled in IMSC implies the acceptance of all the rules of coexistence.<\/p>\n<p>We wish you the best throughout the period of schooling that we share, and we remain at your disposal for what you deem appropriate.<\/p>\n<p>The team of <strong>International Montessori School Caracoliris<\/strong><\/p>\n<\/div>\n<\/div><\/div><\/div><\/div><\/div><div id=\"pg-172-3\"  class=\"panel-grid panel-has-style\" ><div class=\"valores panel-row-style panel-row-style-for-172-3\" ><div id=\"pgc-172-3-0\"  class=\"panel-grid-cell\" ><div id=\"panel-172-3-0-0\" class=\"so-panel widget widget_text panel-first-child panel-last-child\" data-index=\"3\" ><div class=\"par panel-widget-style panel-widget-style-for-172-3-0-0\" >\t\t\t<div class=\"textwidget\"><p>Respect<\/p>\n<\/div>\n\t\t<\/div><\/div><\/div><div id=\"pgc-172-3-1\"  class=\"panel-grid-cell\" ><div id=\"panel-172-3-1-0\" class=\"so-panel widget widget_text panel-first-child panel-last-child\" data-index=\"4\" ><div class=\"impar panel-widget-style panel-widget-style-for-172-3-1-0\" >\t\t\t<div class=\"textwidget\"><p>Responsability<\/p>\n<\/div>\n\t\t<\/div><\/div><\/div><div id=\"pgc-172-3-2\"  class=\"panel-grid-cell\" ><div id=\"panel-172-3-2-0\" class=\"so-panel widget widget_text panel-first-child panel-last-child\" data-index=\"5\" ><div class=\"par panel-widget-style panel-widget-style-for-172-3-2-0\" >\t\t\t<div class=\"textwidget\"><p>Love<\/p>\n<\/div>\n\t\t<\/div><\/div><\/div><div id=\"pgc-172-3-3\"  class=\"panel-grid-cell\" ><div id=\"panel-172-3-3-0\" class=\"so-panel widget widget_text panel-first-child panel-last-child\" data-index=\"6\" ><div class=\"impar panel-widget-style panel-widget-style-for-172-3-3-0\" >\t\t\t<div class=\"textwidget\"><p>Nobility<\/p>\n<\/div>\n\t\t<\/div><\/div><\/div><div id=\"pgc-172-3-4\"  class=\"panel-grid-cell\" ><div id=\"panel-172-3-4-0\" class=\"so-panel widget widget_text panel-first-child panel-last-child\" data-index=\"7\" ><div class=\"par panel-widget-style panel-widget-style-for-172-3-4-0\" >\t\t\t<div class=\"textwidget\"><p>Stronghold<\/p>\n<\/div>\n\t\t<\/div><\/div><\/div><div id=\"pgc-172-3-5\"  class=\"panel-grid-cell\" ><div id=\"panel-172-3-5-0\" class=\"so-panel widget widget_text panel-first-child panel-last-child\" data-index=\"8\" ><div class=\"impar panel-widget-style panel-widget-style-for-172-3-5-0\" >\t\t\t<div class=\"textwidget\"><p>Freedom<\/p>\n<\/div>\n\t\t<\/div><\/div><\/div><div id=\"pgc-172-3-6\"  class=\"panel-grid-cell\" ><div id=\"panel-172-3-6-0\" class=\"so-panel widget widget_text panel-first-child panel-last-child\" data-index=\"9\" ><div class=\"par panel-widget-style panel-widget-style-for-172-3-6-0\" >\t\t\t<div class=\"textwidget\"><p>Spirituality<\/p>\n<\/div>\n\t\t<\/div><\/div><\/div><div id=\"pgc-172-3-7\"  class=\"panel-grid-cell\" ><div id=\"panel-172-3-7-0\" class=\"so-panel widget widget_text panel-first-child panel-last-child\" data-index=\"10\" ><div class=\"impar panel-widget-style panel-widget-style-for-172-3-7-0\" >\t\t\t<div class=\"textwidget\"><p>Personality<\/p>\n<\/div>\n\t\t<\/div><\/div><\/div><\/div><\/div><div id=\"pg-172-4\"  class=\"panel-grid panel-has-style\" ><div class=\"informacion singular siteorigin-panels-stretch panel-row-style panel-row-style-for-172-4\" data-stretch-type=\"full\" ><div id=\"pgc-172-4-0\"  class=\"panel-grid-cell\" ><div id=\"panel-172-4-0-0\" class=\"so-panel widget widget_text panel-first-child\" data-index=\"11\" ><h3 class=\"widget-title\">Information +34 606 064 429 \/ +34 625 906 714<\/h3>\t\t\t<div class=\"textwidget\"><p>Avda. de la M\u00fasica, 120 Alhaur\u00edn de la Torre (M\u00e1laga)<\/p>\n<\/div>\n\t\t<\/div><div id=\"panel-172-4-0-1\" class=\"so-panel widget panel-last-child\" data-index=\"12\" ><\/div><\/div><\/div><\/div><\/div>","protected":false},"excerpt":{"rendered":"<p>Welcome letter to the Montessori Community<\/p>\n","protected":false},"author":2,"featured_media":0,"parent":183,"menu_order":3,"comment_status":"closed","ping_status":"closed","template":"","meta":{"inline_featured_image":false,"_genesis_hide_title":false,"_genesis_hide_breadcrumbs":false,"_genesis_hide_singular_image":false,"_genesis_hide_footer_widgets":false,"_genesis_custom_body_class":"","_genesis_custom_post_class":"","_genesis_layout":"","footnotes":""},"class_list":{"0":"post-172","1":"page","2":"type-page","3":"status-publish","5":"entry"},"yoast_head":"<!-- This site is optimized with the Yoast SEO plugin v25.3 - https:\/\/yoast.com\/wordpress\/plugins\/seo\/ -->\n<title>Welcome letter to the Montessori Community - Caracoliris<\/title>\n<meta name=\"description\" content=\"We welcome you to this Montessori Community which is made up of Project Directors, Guides and Assistants, students and student families.\" \/>\n<meta name=\"robots\" content=\"index, follow, max-snippet:-1, max-image-preview:large, max-video-preview:-1\" \/>\n<link rel=\"canonical\" href=\"https:\/\/www.imsc.es\/en\/home\/welcome\/\" \/>\n<meta property=\"og:locale\" content=\"en_US\" \/>\n<meta property=\"og:type\" content=\"article\" \/>\n<meta property=\"og:title\" content=\"Welcome letter to the Montessori Community - Caracoliris\" \/>\n<meta property=\"og:description\" content=\"We welcome you to this Montessori Community which is made up of Project Directors, Guides and Assistants, students and student families.\" \/>\n<meta property=\"og:url\" content=\"https:\/\/www.imsc.es\/en\/home\/welcome\/\" \/>\n<meta property=\"og:site_name\" content=\"Caracoliris EN\" \/>\n<meta property=\"article:modified_time\" content=\"2021-05-04T14:28:05+00:00\" \/>\n<meta name=\"twitter:card\" content=\"summary_large_image\" \/>\n<meta name=\"twitter:label1\" content=\"Est. reading time\" \/>\n\t<meta name=\"twitter:data1\" content=\"2 minutes\" \/>\n<script type=\"application\/ld+json\" class=\"yoast-schema-graph\">{\"@context\":\"https:\/\/schema.org\",\"@graph\":[{\"@type\":\"WebPage\",\"@id\":\"https:\/\/www.imsc.es\/en\/home\/welcome\/\",\"url\":\"https:\/\/www.imsc.es\/en\/home\/welcome\/\",\"name\":\"Welcome letter to the Montessori Community - Caracoliris\",\"isPartOf\":{\"@id\":\"https:\/\/www.imsc.es\/en\/#website\"},\"datePublished\":\"2018-09-19T10:47:20+00:00\",\"dateModified\":\"2021-05-04T14:28:05+00:00\",\"description\":\"We welcome you to this Montessori Community which is made up of Project Directors, Guides and Assistants, students and student families.\",\"breadcrumb\":{\"@id\":\"https:\/\/www.imsc.es\/en\/home\/welcome\/#breadcrumb\"},\"inLanguage\":\"en-US\",\"potentialAction\":[{\"@type\":\"ReadAction\",\"target\":[\"https:\/\/www.imsc.es\/en\/home\/welcome\/\"]}]},{\"@type\":\"BreadcrumbList\",\"@id\":\"https:\/\/www.imsc.es\/en\/home\/welcome\/#breadcrumb\",\"itemListElement\":[{\"@type\":\"ListItem\",\"position\":1,\"name\":\"Portada\",\"item\":\"https:\/\/www.imsc.es\/en\/\"},{\"@type\":\"ListItem\",\"position\":2,\"name\":\"Caracoliris\",\"item\":\"https:\/\/www.imsc.es\/en\/home\/\"},{\"@type\":\"ListItem\",\"position\":3,\"name\":\"Welcome\"}]},{\"@type\":\"WebSite\",\"@id\":\"https:\/\/www.imsc.es\/en\/#website\",\"url\":\"https:\/\/www.imsc.es\/en\/\",\"name\":\"Caracoliris EN\",\"description\":\"Colegio Biling\u00fce Formaci\u00f3n Montessori en M\u00e1laga\",\"publisher\":{\"@id\":\"https:\/\/www.imsc.es\/en\/#organization\"},\"potentialAction\":[{\"@type\":\"SearchAction\",\"target\":{\"@type\":\"EntryPoint\",\"urlTemplate\":\"https:\/\/www.imsc.es\/en\/?s={search_term_string}\"},\"query-input\":{\"@type\":\"PropertyValueSpecification\",\"valueRequired\":true,\"valueName\":\"search_term_string\"}}],\"inLanguage\":\"en-US\"},{\"@type\":\"Organization\",\"@id\":\"https:\/\/www.imsc.es\/en\/#organization\",\"name\":\"Caracoliris EN\",\"url\":\"https:\/\/www.imsc.es\/en\/\",\"logo\":{\"@type\":\"ImageObject\",\"inLanguage\":\"en-US\",\"@id\":\"https:\/\/www.imsc.es\/en\/#\/schema\/logo\/image\/\",\"url\":\"https:\/\/www.imsc.es\/en\/wp-content\/uploads\/sites\/4\/2024\/02\/logo-horizontal-colores.png\",\"contentUrl\":\"https:\/\/www.imsc.es\/en\/wp-content\/uploads\/sites\/4\/2024\/02\/logo-horizontal-colores.png\",\"width\":1908,\"height\":690,\"caption\":\"Caracoliris EN\"},\"image\":{\"@id\":\"https:\/\/www.imsc.es\/en\/#\/schema\/logo\/image\/\"}}]}<\/script>\n<!-- \/ Yoast SEO plugin. -->","yoast_head_json":{"title":"Welcome letter to the Montessori Community - Caracoliris","description":"We welcome you to this Montessori Community which is made up of Project Directors, Guides and Assistants, students and student families.","robots":{"index":"index","follow":"follow","max-snippet":"max-snippet:-1","max-image-preview":"max-image-preview:large","max-video-preview":"max-video-preview:-1"},"canonical":"https:\/\/www.imsc.es\/en\/home\/welcome\/","og_locale":"en_US","og_type":"article","og_title":"Welcome letter to the Montessori Community - Caracoliris","og_description":"We welcome you to this Montessori Community which is made up of Project Directors, Guides and Assistants, students and student families.","og_url":"https:\/\/www.imsc.es\/en\/home\/welcome\/","og_site_name":"Caracoliris EN","article_modified_time":"2021-05-04T14:28:05+00:00","twitter_card":"summary_large_image","twitter_misc":{"Est. reading time":"2 minutes"},"schema":{"@context":"https:\/\/schema.org","@graph":[{"@type":"WebPage","@id":"https:\/\/www.imsc.es\/en\/home\/welcome\/","url":"https:\/\/www.imsc.es\/en\/home\/welcome\/","name":"Welcome letter to the Montessori Community - Caracoliris","isPartOf":{"@id":"https:\/\/www.imsc.es\/en\/#website"},"datePublished":"2018-09-19T10:47:20+00:00","dateModified":"2021-05-04T14:28:05+00:00","description":"We welcome you to this Montessori Community which is made up of Project Directors, Guides and Assistants, students and student families.","breadcrumb":{"@id":"https:\/\/www.imsc.es\/en\/home\/welcome\/#breadcrumb"},"inLanguage":"en-US","potentialAction":[{"@type":"ReadAction","target":["https:\/\/www.imsc.es\/en\/home\/welcome\/"]}]},{"@type":"BreadcrumbList","@id":"https:\/\/www.imsc.es\/en\/home\/welcome\/#breadcrumb","itemListElement":[{"@type":"ListItem","position":1,"name":"Portada","item":"https:\/\/www.imsc.es\/en\/"},{"@type":"ListItem","position":2,"name":"Caracoliris","item":"https:\/\/www.imsc.es\/en\/home\/"},{"@type":"ListItem","position":3,"name":"Welcome"}]},{"@type":"WebSite","@id":"https:\/\/www.imsc.es\/en\/#website","url":"https:\/\/www.imsc.es\/en\/","name":"Caracoliris EN","description":"Colegio Biling\u00fce Formaci\u00f3n Montessori en M\u00e1laga","publisher":{"@id":"https:\/\/www.imsc.es\/en\/#organization"},"potentialAction":[{"@type":"SearchAction","target":{"@type":"EntryPoint","urlTemplate":"https:\/\/www.imsc.es\/en\/?s={search_term_string}"},"query-input":{"@type":"PropertyValueSpecification","valueRequired":true,"valueName":"search_term_string"}}],"inLanguage":"en-US"},{"@type":"Organization","@id":"https:\/\/www.imsc.es\/en\/#organization","name":"Caracoliris EN","url":"https:\/\/www.imsc.es\/en\/","logo":{"@type":"ImageObject","inLanguage":"en-US","@id":"https:\/\/www.imsc.es\/en\/#\/schema\/logo\/image\/","url":"https:\/\/www.imsc.es\/en\/wp-content\/uploads\/sites\/4\/2024\/02\/logo-horizontal-colores.png","contentUrl":"https:\/\/www.imsc.es\/en\/wp-content\/uploads\/sites\/4\/2024\/02\/logo-horizontal-colores.png","width":1908,"height":690,"caption":"Caracoliris EN"},"image":{"@id":"https:\/\/www.imsc.es\/en\/#\/schema\/logo\/image\/"}}]}},"featured_image_src":null,"featured_image_src_square":null,"_links":{"self":[{"href":"https:\/\/www.imsc.es\/en\/wp-json\/wp\/v2\/pages\/172","targetHints":{"allow":["GET"]}}],"collection":[{"href":"https:\/\/www.imsc.es\/en\/wp-json\/wp\/v2\/pages"}],"about":[{"href":"https:\/\/www.imsc.es\/en\/wp-json\/wp\/v2\/types\/page"}],"author":[{"embeddable":true,"href":"https:\/\/www.imsc.es\/en\/wp-json\/wp\/v2\/users\/2"}],"replies":[{"embeddable":true,"href":"https:\/\/www.imsc.es\/en\/wp-json\/wp\/v2\/comments?post=172"}],"version-history":[{"count":7,"href":"https:\/\/www.imsc.es\/en\/wp-json\/wp\/v2\/pages\/172\/revisions"}],"predecessor-version":[{"id":1188,"href":"https:\/\/www.imsc.es\/en\/wp-json\/wp\/v2\/pages\/172\/revisions\/1188"}],"up":[{"embeddable":true,"href":"https:\/\/www.imsc.es\/en\/wp-json\/wp\/v2\/pages\/183"}],"wp:attachment":[{"href":"https:\/\/www.imsc.es\/en\/wp-json\/wp\/v2\/media?parent=172"}],"curies":[{"name":"wp","href":"https:\/\/api.w.org\/{rel}","templated":true}]}}