{"id":16,"date":"2018-07-03T11:57:29","date_gmt":"2018-07-03T09:57:29","guid":{"rendered":"https:\/\/www.imsc.es\/?page_id=16"},"modified":"2025-09-21T19:27:19","modified_gmt":"2025-09-21T17:27:19","slug":"contact","status":"publish","type":"page","link":"https:\/\/www.imsc.es\/en\/contact\/","title":{"rendered":"Contact"},"content":{"rendered":"<div id=\"pl-16\"  class=\"panel-layout\" ><div id=\"pg-16-0\"  class=\"panel-grid panel-has-style\" ><div class=\"contact-form panel-row-style panel-row-style-for-16-0\" ><div id=\"pgc-16-0-0\"  class=\"panel-grid-cell\" ><div id=\"panel-16-0-0-0\" class=\"so-panel widget widget_sow-button panel-first-child\" data-index=\"0\" ><div\n\t\t\t\n\t\t\tclass=\"so-widget-sow-button so-widget-sow-button-flat-f54c0409268f-16\"\n\t\t\t\n\t\t><div class=\"ow-button-base ow-button-align-center\"\n>\n\t\t\t<a\n\t\t\t\t\thref=\"mailto:montessoricaracoliris@gmail.com\"\n\t\t\t\t\tclass=\"sowb-button ow-icon-placement-left ow-button-hover\" target=\"_blank\" rel=\"noopener noreferrer\" \t>\n\t\t<span>\n\t\t\t\n\t\t\tEmail us\t\t<\/span>\n\t\t\t<\/a>\n\t<\/div>\n<\/div><\/div><div id=\"panel-16-0-0-1\" class=\"so-panel widget widget_sow-button panel-last-child\" data-index=\"1\" ><div\n\t\t\t\n\t\t\tclass=\"so-widget-sow-button so-widget-sow-button-flat-66466acb9e12-16\"\n\t\t\t\n\t\t><div class=\"ow-button-base ow-button-align-center\"\n>\n\t\t\t<a\n\t\t\t\t\thref=\"https:\/\/calendar.google.com\/calendar\/u\/0\/appointments\/schedules\/AcZssZ3QqNNoj5r7V8YxwDg7SG1u32BhGzLh9vf3rG2_Dtmb3ERuNmDGpibJILgAMBkerLXKYszmux7p?pli=1\"\n\t\t\t\t\tclass=\"sowb-button ow-icon-placement-left ow-button-hover\" target=\"_blank\" rel=\"noopener noreferrer\" \t>\n\t\t<span>\n\t\t\t\n\t\t\tSchedule a visit\t\t<\/span>\n\t\t\t<\/a>\n\t<\/div>\n<\/div><\/div><\/div><\/div><\/div><div id=\"pg-16-1\"  class=\"panel-grid panel-has-style\" ><div class=\"mapa panel-row-style panel-row-style-for-16-1\" ><div id=\"pgc-16-1-0\"  class=\"panel-grid-cell\" ><div id=\"panel-16-1-0-0\" class=\"so-panel widget widget_text panel-first-child\" data-index=\"2\" ><div class=\"texto-contacto panel-widget-style panel-widget-style-for-16-1-0-0\" ><h3 class=\"widget-title\">Come and meet us!<\/h3>\t\t\t<div class=\"textwidget\"><p>Avda. de la M\u00fasica, 120 &#8211; Urb. La Capellan\u00eda<br \/>\n29130 Alhaur\u00edn de la Torre (M\u00e1laga)<br \/>\nTelf | 606 064 429 &#8211; 625 906 714<br \/>\nEmail |montessoricaracoliris@gmail.<wbr \/>com<\/p>\n<\/div>\n\t\t<\/div><\/div><div id=\"panel-16-1-0-1\" class=\"so-panel widget widget_sow-google-map panel-last-child\" data-index=\"3\" ><div class=\"mapa-container panel-widget-style panel-widget-style-for-16-1-0-1\" ><div\n\t\t\t\n\t\t\tclass=\"so-widget-sow-google-map so-widget-sow-google-map-default-6b23895f316e-16\"\n\t\t\t\n\t\t>\n<div class=\"sow-google-map-canvas\"\n\tstyle=\"\"\n\tid=\"map-canvas-98037f36c231ca402db003eeccfcd334\"\n\tdata-options=\"{&quot;address&quot;:&quot;36.6635879, -4.5423045&quot;,&quot;zoom&quot;:12,&quot;mobileZoom&quot;:12,&quot;gestureHandling&quot;:&quot;cooperative&quot;,&quot;disableUi&quot;:false,&quot;markerIcon&quot;:false,&quot;markersDraggable&quot;:false,&quot;markerAtCenter&quot;:true,&quot;markerInfoDisplay&quot;:&quot;click&quot;,&quot;markerInfoMultiple&quot;:true,&quot;markerPositions&quot;:false,&quot;mapName&quot;:false,&quot;mapStyles&quot;:false,&quot;directions&quot;:&quot;&quot;,&quot;apiKey&quot;:&quot;AIzaSyCyqgVFtFaB4nx_NbDUjUbEsyvmWN7Ewu8&quot;,&quot;breakpoint&quot;:780,&quot;id&quot;:&quot;69f27f&quot;}\"\n\tdata-fallback-image=\"{&quot;img&quot;:&quot;&quot;}\"><\/div>\n<\/div><\/div><\/div><\/div><\/div><\/div><div id=\"pg-16-2\"  class=\"panel-grid panel-has-style\" ><div class=\"informacion singular contacto siteorigin-panels-stretch panel-row-style panel-row-style-for-16-2\" data-stretch-type=\"full-width-stretch\" ><div id=\"pgc-16-2-0\"  class=\"panel-grid-cell\" ><div id=\"panel-16-2-0-0\" class=\"so-panel widget widget_text panel-first-child panel-last-child\" data-index=\"4\" ><h3 class=\"widget-title\">Information +34 606 064 429 \/ +34 625 906 714<\/h3>\t\t\t<div class=\"textwidget\"><p>Avda. de la M\u00fasica, 120 Alhaur\u00edn de la Torre (M\u00e1laga)<\/p>\n<p>&nbsp;<\/p>\n<p>&nbsp;<\/p>\n<p>&nbsp;<\/p>\n<p>&nbsp;<\/p>\n<\/div>\n\t\t<\/div><\/div><\/div><\/div><\/div>","protected":false},"excerpt":{"rendered":"<p>Below you will find different ways to contact Caracoliris<\/p>\n","protected":false},"author":1,"featured_media":279,"parent":0,"menu_order":0,"comment_status":"closed","ping_status":"closed","template":"","meta":{"inline_featured_image":false,"_genesis_hide_title":false,"_genesis_hide_breadcrumbs":false,"_genesis_hide_singular_image":false,"_genesis_hide_footer_widgets":false,"_genesis_custom_body_class":"","_genesis_custom_post_class":"","_genesis_layout":"","footnotes":""},"class_list":{"0":"post-16","1":"page","2":"type-page","3":"status-publish","4":"has-post-thumbnail","6":"entry"},"yoast_head":"<!-- This site is optimized with the Yoast SEO plugin v25.3 - https:\/\/yoast.com\/wordpress\/plugins\/seo\/ -->\n<title>Contact with Montessori International College - Write to us<\/title>\n<meta name=\"description\" content=\"In this section you will find different means to contact Colegio Montessori Internacional Caracoliris and solve all the doubts that may arise.\" \/>\n<meta name=\"robots\" content=\"index, follow, max-snippet:-1, max-image-preview:large, max-video-preview:-1\" \/>\n<link rel=\"canonical\" href=\"https:\/\/www.imsc.es\/en\/contact\/\" \/>\n<meta property=\"og:locale\" content=\"en_US\" \/>\n<meta property=\"og:type\" content=\"article\" \/>\n<meta property=\"og:title\" content=\"Contact with Montessori International College - Write to us\" \/>\n<meta property=\"og:description\" content=\"In this section you will find different means to contact Colegio Montessori Internacional Caracoliris and solve all the doubts that may arise.\" \/>\n<meta property=\"og:url\" content=\"https:\/\/www.imsc.es\/en\/contact\/\" \/>\n<meta property=\"og:site_name\" content=\"Caracoliris EN\" \/>\n<meta property=\"article:modified_time\" content=\"2025-09-21T17:27:19+00:00\" \/>\n<meta property=\"og:image\" content=\"https:\/\/www.imsc.es\/en\/wp-content\/uploads\/sites\/4\/2018\/10\/group-of-school-kids-raising-hands-in-classroom-ptejetq.jpg\" \/>\n\t<meta property=\"og:image:width\" content=\"1920\" \/>\n\t<meta property=\"og:image:height\" content=\"1280\" \/>\n\t<meta property=\"og:image:type\" content=\"image\/jpeg\" \/>\n<meta name=\"twitter:card\" content=\"summary_large_image\" \/>\n<meta name=\"twitter:label1\" content=\"Est. reading time\" \/>\n\t<meta name=\"twitter:data1\" content=\"1 minute\" \/>\n<script type=\"application\/ld+json\" class=\"yoast-schema-graph\">{\"@context\":\"https:\/\/schema.org\",\"@graph\":[{\"@type\":\"WebPage\",\"@id\":\"https:\/\/www.imsc.es\/en\/contact\/\",\"url\":\"https:\/\/www.imsc.es\/en\/contact\/\",\"name\":\"Contact with Montessori International College - Write to us\",\"isPartOf\":{\"@id\":\"https:\/\/www.imsc.es\/en\/#website\"},\"primaryImageOfPage\":{\"@id\":\"https:\/\/www.imsc.es\/en\/contact\/#primaryimage\"},\"image\":{\"@id\":\"https:\/\/www.imsc.es\/en\/contact\/#primaryimage\"},\"thumbnailUrl\":\"https:\/\/www.imsc.es\/en\/wp-content\/uploads\/sites\/4\/2018\/10\/group-of-school-kids-raising-hands-in-classroom-ptejetq.jpg\",\"datePublished\":\"2018-07-03T09:57:29+00:00\",\"dateModified\":\"2025-09-21T17:27:19+00:00\",\"description\":\"In this section you will find different means to contact Colegio Montessori Internacional Caracoliris and solve all the doubts that may arise.\",\"breadcrumb\":{\"@id\":\"https:\/\/www.imsc.es\/en\/contact\/#breadcrumb\"},\"inLanguage\":\"en-US\",\"potentialAction\":[{\"@type\":\"ReadAction\",\"target\":[\"https:\/\/www.imsc.es\/en\/contact\/\"]}]},{\"@type\":\"ImageObject\",\"inLanguage\":\"en-US\",\"@id\":\"https:\/\/www.imsc.es\/en\/contact\/#primaryimage\",\"url\":\"https:\/\/www.imsc.es\/en\/wp-content\/uploads\/sites\/4\/2018\/10\/group-of-school-kids-raising-hands-in-classroom-ptejetq.jpg\",\"contentUrl\":\"https:\/\/www.imsc.es\/en\/wp-content\/uploads\/sites\/4\/2018\/10\/group-of-school-kids-raising-hands-in-classroom-ptejetq.jpg\",\"width\":1920,\"height\":1280,\"caption\":\"education, elementary school, learning and people concept - group of students raising hands on lesson in classroom\"},{\"@type\":\"BreadcrumbList\",\"@id\":\"https:\/\/www.imsc.es\/en\/contact\/#breadcrumb\",\"itemListElement\":[{\"@type\":\"ListItem\",\"position\":1,\"name\":\"Portada\",\"item\":\"https:\/\/www.imsc.es\/en\/\"},{\"@type\":\"ListItem\",\"position\":2,\"name\":\"Contact\"}]},{\"@type\":\"WebSite\",\"@id\":\"https:\/\/www.imsc.es\/en\/#website\",\"url\":\"https:\/\/www.imsc.es\/en\/\",\"name\":\"Caracoliris EN\",\"description\":\"Colegio Biling\u00fce Formaci\u00f3n Montessori en M\u00e1laga\",\"publisher\":{\"@id\":\"https:\/\/www.imsc.es\/en\/#organization\"},\"potentialAction\":[{\"@type\":\"SearchAction\",\"target\":{\"@type\":\"EntryPoint\",\"urlTemplate\":\"https:\/\/www.imsc.es\/en\/?s={search_term_string}\"},\"query-input\":{\"@type\":\"PropertyValueSpecification\",\"valueRequired\":true,\"valueName\":\"search_term_string\"}}],\"inLanguage\":\"en-US\"},{\"@type\":\"Organization\",\"@id\":\"https:\/\/www.imsc.es\/en\/#organization\",\"name\":\"Caracoliris EN\",\"url\":\"https:\/\/www.imsc.es\/en\/\",\"logo\":{\"@type\":\"ImageObject\",\"inLanguage\":\"en-US\",\"@id\":\"https:\/\/www.imsc.es\/en\/#\/schema\/logo\/image\/\",\"url\":\"https:\/\/www.imsc.es\/en\/wp-content\/uploads\/sites\/4\/2024\/02\/logo-horizontal-colores.png\",\"contentUrl\":\"https:\/\/www.imsc.es\/en\/wp-content\/uploads\/sites\/4\/2024\/02\/logo-horizontal-colores.png\",\"width\":1908,\"height\":690,\"caption\":\"Caracoliris EN\"},\"image\":{\"@id\":\"https:\/\/www.imsc.es\/en\/#\/schema\/logo\/image\/\"}}]}<\/script>\n<!-- \/ Yoast SEO plugin. -->","yoast_head_json":{"title":"Contact with Montessori International College - Write to us","description":"In this section you will find different means to contact Colegio Montessori Internacional Caracoliris and solve all the doubts that may arise.","robots":{"index":"index","follow":"follow","max-snippet":"max-snippet:-1","max-image-preview":"max-image-preview:large","max-video-preview":"max-video-preview:-1"},"canonical":"https:\/\/www.imsc.es\/en\/contact\/","og_locale":"en_US","og_type":"article","og_title":"Contact with Montessori International College - Write to us","og_description":"In this section you will find different means to contact Colegio Montessori Internacional Caracoliris and solve all the doubts that may arise.","og_url":"https:\/\/www.imsc.es\/en\/contact\/","og_site_name":"Caracoliris EN","article_modified_time":"2025-09-21T17:27:19+00:00","og_image":[{"width":1920,"height":1280,"url":"https:\/\/www.imsc.es\/en\/wp-content\/uploads\/sites\/4\/2018\/10\/group-of-school-kids-raising-hands-in-classroom-ptejetq.jpg","type":"image\/jpeg"}],"twitter_card":"summary_large_image","twitter_misc":{"Est. reading time":"1 minute"},"schema":{"@context":"https:\/\/schema.org","@graph":[{"@type":"WebPage","@id":"https:\/\/www.imsc.es\/en\/contact\/","url":"https:\/\/www.imsc.es\/en\/contact\/","name":"Contact with Montessori International College - Write to us","isPartOf":{"@id":"https:\/\/www.imsc.es\/en\/#website"},"primaryImageOfPage":{"@id":"https:\/\/www.imsc.es\/en\/contact\/#primaryimage"},"image":{"@id":"https:\/\/www.imsc.es\/en\/contact\/#primaryimage"},"thumbnailUrl":"https:\/\/www.imsc.es\/en\/wp-content\/uploads\/sites\/4\/2018\/10\/group-of-school-kids-raising-hands-in-classroom-ptejetq.jpg","datePublished":"2018-07-03T09:57:29+00:00","dateModified":"2025-09-21T17:27:19+00:00","description":"In this section you will find different means to contact Colegio Montessori Internacional Caracoliris and solve all the doubts that may arise.","breadcrumb":{"@id":"https:\/\/www.imsc.es\/en\/contact\/#breadcrumb"},"inLanguage":"en-US","potentialAction":[{"@type":"ReadAction","target":["https:\/\/www.imsc.es\/en\/contact\/"]}]},{"@type":"ImageObject","inLanguage":"en-US","@id":"https:\/\/www.imsc.es\/en\/contact\/#primaryimage","url":"https:\/\/www.imsc.es\/en\/wp-content\/uploads\/sites\/4\/2018\/10\/group-of-school-kids-raising-hands-in-classroom-ptejetq.jpg","contentUrl":"https:\/\/www.imsc.es\/en\/wp-content\/uploads\/sites\/4\/2018\/10\/group-of-school-kids-raising-hands-in-classroom-ptejetq.jpg","width":1920,"height":1280,"caption":"education, elementary school, learning and people concept - group of students raising hands on lesson in classroom"},{"@type":"BreadcrumbList","@id":"https:\/\/www.imsc.es\/en\/contact\/#breadcrumb","itemListElement":[{"@type":"ListItem","position":1,"name":"Portada","item":"https:\/\/www.imsc.es\/en\/"},{"@type":"ListItem","position":2,"name":"Contact"}]},{"@type":"WebSite","@id":"https:\/\/www.imsc.es\/en\/#website","url":"https:\/\/www.imsc.es\/en\/","name":"Caracoliris EN","description":"Colegio Biling\u00fce Formaci\u00f3n Montessori en M\u00e1laga","publisher":{"@id":"https:\/\/www.imsc.es\/en\/#organization"},"potentialAction":[{"@type":"SearchAction","target":{"@type":"EntryPoint","urlTemplate":"https:\/\/www.imsc.es\/en\/?s={search_term_string}"},"query-input":{"@type":"PropertyValueSpecification","valueRequired":true,"valueName":"search_term_string"}}],"inLanguage":"en-US"},{"@type":"Organization","@id":"https:\/\/www.imsc.es\/en\/#organization","name":"Caracoliris EN","url":"https:\/\/www.imsc.es\/en\/","logo":{"@type":"ImageObject","inLanguage":"en-US","@id":"https:\/\/www.imsc.es\/en\/#\/schema\/logo\/image\/","url":"https:\/\/www.imsc.es\/en\/wp-content\/uploads\/sites\/4\/2024\/02\/logo-horizontal-colores.png","contentUrl":"https:\/\/www.imsc.es\/en\/wp-content\/uploads\/sites\/4\/2024\/02\/logo-horizontal-colores.png","width":1908,"height":690,"caption":"Caracoliris EN"},"image":{"@id":"https:\/\/www.imsc.es\/en\/#\/schema\/logo\/image\/"}}]}},"featured_image_src":"https:\/\/www.imsc.es\/en\/wp-content\/uploads\/sites\/4\/2018\/10\/group-of-school-kids-raising-hands-in-classroom-ptejetq.jpg","featured_image_src_square":"https:\/\/www.imsc.es\/en\/wp-content\/uploads\/sites\/4\/2018\/10\/group-of-school-kids-raising-hands-in-classroom-ptejetq.jpg","_links":{"self":[{"href":"https:\/\/www.imsc.es\/en\/wp-json\/wp\/v2\/pages\/16","targetHints":{"allow":["GET"]}}],"collection":[{"href":"https:\/\/www.imsc.es\/en\/wp-json\/wp\/v2\/pages"}],"about":[{"href":"https:\/\/www.imsc.es\/en\/wp-json\/wp\/v2\/types\/page"}],"author":[{"embeddable":true,"href":"https:\/\/www.imsc.es\/en\/wp-json\/wp\/v2\/users\/1"}],"replies":[{"embeddable":true,"href":"https:\/\/www.imsc.es\/en\/wp-json\/wp\/v2\/comments?post=16"}],"version-history":[{"count":6,"href":"https:\/\/www.imsc.es\/en\/wp-json\/wp\/v2\/pages\/16\/revisions"}],"predecessor-version":[{"id":1268,"href":"https:\/\/www.imsc.es\/en\/wp-json\/wp\/v2\/pages\/16\/revisions\/1268"}],"wp:featuredmedia":[{"embeddable":true,"href":"https:\/\/www.imsc.es\/en\/wp-json\/wp\/v2\/media\/279"}],"wp:attachment":[{"href":"https:\/\/www.imsc.es\/en\/wp-json\/wp\/v2\/media?parent=16"}],"curies":[{"name":"wp","href":"https:\/\/api.w.org\/{rel}","templated":true}]}}