{"id":142,"date":"2018-09-06T16:16:12","date_gmt":"2018-09-06T14:16:12","guid":{"rendered":"https:\/\/www.imsc.es\/?page_id=142"},"modified":"2019-07-29T13:44:29","modified_gmt":"2019-07-29T11:44:29","slug":"montessori-method","status":"publish","type":"page","link":"https:\/\/www.imsc.es\/en\/home\/montessori-method\/","title":{"rendered":"Montessori method"},"content":{"rendered":"<div id=\"pl-142\"  class=\"panel-layout\" ><div id=\"pg-142-0\"  class=\"panel-grid panel-has-style\" ><div class=\"oferta_educativa oferta_educativa_page mision cuadro-azul panel-row-style panel-row-style-for-142-0\" ><div id=\"pgc-142-0-0\"  class=\"panel-grid-cell\" ><div id=\"panel-142-0-0-0\" class=\"so-panel widget widget_text panel-first-child panel-last-child\" data-index=\"0\" ><h3 class=\"widget-title\">How does it come about?<\/h3>\t\t\t<div class=\"textwidget\"><div class=\"page\" title=\"Page 3\">\n<div class=\"section\">\n<p>Maria Montessori is one of the great figures that Italy has given in its history. She was the most influential pedagogue of the twentieth century and a woman who introduced educational concepts, which although we see completely logical today, in their day were revolutionary in relation to the benefit of the freedom of the little one and the introduction of the game to teaching.<\/p>\n<p>&nbsp;<\/p>\n<\/div>\n<\/div>\n<\/div>\n\t\t<\/div><\/div><\/div><\/div><div id=\"pg-142-1\"  class=\"panel-grid panel-has-style\" ><div class=\"cuadro-verde vision panel-row-style panel-row-style-for-142-1\" ><div id=\"pgc-142-1-0\"  class=\"panel-grid-cell\" ><div id=\"panel-142-1-0-0\" class=\"so-panel widget widget_text panel-first-child panel-last-child\" data-index=\"1\" ><h3 class=\"widget-title\">Mar\u00eda Montessori<\/h3>\t\t\t<div class=\"textwidget\"><div class=\"page\" title=\"Page 3\">\n<div class=\"section\">\n<div class=\"layoutArea\">\n<div class=\"column\">\n<p>He also studied engineering, biology, philosophy and biology. To this extensive academic curriculum must be added the important fact of being the first woman to graduate in medicine in Italy, which gives a clue to the convictions of Maria Montessori at the time she lived.<\/p>\n<p>&nbsp;<\/p>\n<\/div>\n<\/div>\n<\/div>\n<\/div>\n<\/div>\n\t\t<\/div><\/div><\/div><\/div><div id=\"pg-142-2\"  class=\"panel-grid panel-has-style\" ><div class=\"principios historia panel-row-style panel-row-style-for-142-2\" ><div id=\"pgc-142-2-0\"  class=\"panel-grid-cell\" ><div id=\"panel-142-2-0-0\" class=\"so-panel widget widget_sow-editor panel-first-child panel-last-child\" data-index=\"2\" ><div\n\t\t\t\n\t\t\tclass=\"so-widget-sow-editor so-widget-sow-editor-base\"\n\t\t\t\n\t\t><h3 class=\"widget-title\">An environment for development<\/h3>\n<div class=\"siteorigin-widget-tinymce textwidget\">\n\t<p>The main advance in Maria Montessori's method was the creation of an environment prepared for the <strong>free development of the child<\/strong>. She put it into practice with low-income students in Rome, as well as in hospitals with disabled children. The reason for her involvement with them was the idea of achieving an improvement in the capacities of the children thanks to the model of integral development, which aspires to the physical, intellectual and spiritual growth of the pupil through cooperation with the adult.<\/p>\n<h2>Conclusions<\/h2>\n<p>Due to the good results, both a good part of the pedagogical community and Maria Montessori herself came to the conclusion that this method would be good, not only for children at risk of social exclusion but for all children.<\/p>\n<\/div>\n<\/div><\/div><\/div><\/div><\/div><div id=\"pg-142-3\"  class=\"panel-grid panel-has-style\" ><div class=\"principios historia panel-row-style panel-row-style-for-142-3\" ><div id=\"pgc-142-3-0\"  class=\"panel-grid-cell\" ><div id=\"panel-142-3-0-0\" class=\"so-panel widget widget_sow-editor panel-first-child\" data-index=\"3\" ><div\n\t\t\t\n\t\t\tclass=\"so-widget-sow-editor so-widget-sow-editor-base\"\n\t\t\t\n\t\t><h3 class=\"widget-title\">The methods<\/h3>\n<div class=\"siteorigin-widget-tinymce textwidget\">\n\t<div class=\"page\" title=\"Page 2\">\n<div class=\"section\">\n<div class=\"layoutArea\">\n<div class=\"column\">\n<p>The Montessori teaching method is part of a philosophy of education that is based on respect for the natural psychology of the student.<\/p>\n<p>The student is prepared for a development for which he is held responsible through cooperation with the adult who replaces the imposition of tasks. <strong>We create an environment adapted<\/strong> to his learning and the student has the freedom to decide where he wants to direct his activity.<\/p>\n<p>Due to the inclination of this method towards self-learning the material is a very important part of the school. In it we can distinguish the following types of materials by distinguishing them according to their purpose:<\/p>\n<ul>\n<li><strong>Analytical material<\/strong>: The student's senses and the assimilation of concepts are educated through experience.<\/li>\n<li><strong>Attractive material<\/strong>: It is a material whose purpose is to call the student's attention to the material in which he finds an easy use of it.<\/li>\n<li><strong>Self-correction of the material:<\/strong> It is focused to the development of the capacity of the student to detect the errors in its use.<\/li>\n<\/ul>\n<p>The school is a place that prepares the student for adult life. However, in many cases the school does not prepare the student to make decisions under his own criteria or to be happy in his life. The Montessori method prepares children to be happy with their own decisions. This school model gets the most out of the students.<\/p>\n<\/div>\n<\/div>\n<\/div>\n<\/div>\n<\/div>\n<\/div><\/div><div id=\"panel-142-3-0-1\" class=\"so-panel widget widget_sow-image panel-last-child\" data-index=\"4\" ><div class=\"panel-widget-style panel-widget-style-for-142-3-0-1\" ><div\n\t\t\t\n\t\t\tclass=\"so-widget-sow-image so-widget-sow-image-default-8b5b6f678277-142\"\n\t\t\t\n\t\t>\n<div class=\"sow-image-container\">\n\t\t<img \n\tsrc=\"https:\/\/www.imsc.es\/en\/wp-content\/uploads\/sites\/4\/2018\/10\/clase-montessori-en-malaga.jpeg\" width=\"1920\" height=\"1280\" srcset=\"https:\/\/www.imsc.es\/en\/wp-content\/uploads\/sites\/4\/2018\/10\/clase-montessori-en-malaga.jpeg 1920w, https:\/\/www.imsc.es\/en\/wp-content\/uploads\/sites\/4\/2018\/10\/clase-montessori-en-malaga-300x200.jpeg 300w, https:\/\/www.imsc.es\/en\/wp-content\/uploads\/sites\/4\/2018\/10\/clase-montessori-en-malaga-768x512.jpeg 768w, https:\/\/www.imsc.es\/en\/wp-content\/uploads\/sites\/4\/2018\/10\/clase-montessori-en-malaga-1024x683.jpeg 1024w, https:\/\/www.imsc.es\/en\/wp-content\/uploads\/sites\/4\/2018\/10\/clase-montessori-en-malaga-272x182.jpeg 272w\" sizes=\"(max-width: 1920px) 100vw, 1920px\" title=\"Clase Montessori en Colegio de M\u00e1laga\" alt=\"Clase Montessori en Colegio de M\u00e1laga\" \t\tclass=\"so-widget-image\"\/>\n\t<\/div>\n\n<\/div><\/div><\/div><\/div><\/div><\/div><div id=\"pg-142-4\"  class=\"panel-grid panel-has-style\" ><div class=\"valores panel-row-style panel-row-style-for-142-4\" ><div id=\"pgc-142-4-0\"  class=\"panel-grid-cell\" ><div id=\"panel-142-4-0-0\" class=\"so-panel widget widget_text panel-first-child panel-last-child\" data-index=\"5\" ><div class=\"par panel-widget-style panel-widget-style-for-142-4-0-0\" >\t\t\t<div class=\"textwidget\"><p>Respect<\/p>\n<\/div>\n\t\t<\/div><\/div><\/div><div id=\"pgc-142-4-1\"  class=\"panel-grid-cell\" ><div id=\"panel-142-4-1-0\" class=\"so-panel widget widget_text panel-first-child panel-last-child\" data-index=\"6\" ><div class=\"impar panel-widget-style panel-widget-style-for-142-4-1-0\" >\t\t\t<div class=\"textwidget\"><p>Responsability<\/p>\n<\/div>\n\t\t<\/div><\/div><\/div><div id=\"pgc-142-4-2\"  class=\"panel-grid-cell\" ><div id=\"panel-142-4-2-0\" class=\"so-panel widget widget_text panel-first-child panel-last-child\" data-index=\"7\" ><div class=\"par panel-widget-style panel-widget-style-for-142-4-2-0\" >\t\t\t<div class=\"textwidget\"><p>Love<\/p>\n<\/div>\n\t\t<\/div><\/div><\/div><div id=\"pgc-142-4-3\"  class=\"panel-grid-cell\" ><div id=\"panel-142-4-3-0\" class=\"so-panel widget widget_text panel-first-child panel-last-child\" data-index=\"8\" ><div class=\"impar panel-widget-style panel-widget-style-for-142-4-3-0\" >\t\t\t<div class=\"textwidget\"><p>Nobility<\/p>\n<\/div>\n\t\t<\/div><\/div><\/div><div id=\"pgc-142-4-4\"  class=\"panel-grid-cell\" ><div id=\"panel-142-4-4-0\" class=\"so-panel widget widget_text panel-first-child panel-last-child\" data-index=\"9\" ><div class=\"par panel-widget-style panel-widget-style-for-142-4-4-0\" >\t\t\t<div class=\"textwidget\"><p>Stronghold<\/p>\n<\/div>\n\t\t<\/div><\/div><\/div><div id=\"pgc-142-4-5\"  class=\"panel-grid-cell\" ><div id=\"panel-142-4-5-0\" class=\"so-panel widget widget_text panel-first-child panel-last-child\" data-index=\"10\" ><div class=\"impar panel-widget-style panel-widget-style-for-142-4-5-0\" >\t\t\t<div class=\"textwidget\"><p>Freedom<\/p>\n<\/div>\n\t\t<\/div><\/div><\/div><div id=\"pgc-142-4-6\"  class=\"panel-grid-cell\" ><div id=\"panel-142-4-6-0\" class=\"so-panel widget widget_text panel-first-child panel-last-child\" data-index=\"11\" ><div class=\"par panel-widget-style panel-widget-style-for-142-4-6-0\" >\t\t\t<div class=\"textwidget\"><p>Spirituality<\/p>\n<\/div>\n\t\t<\/div><\/div><\/div><div id=\"pgc-142-4-7\"  class=\"panel-grid-cell\" ><div id=\"panel-142-4-7-0\" class=\"so-panel widget widget_text panel-first-child panel-last-child\" data-index=\"12\" ><div class=\"impar panel-widget-style panel-widget-style-for-142-4-7-0\" >\t\t\t<div class=\"textwidget\"><p>Personality<\/p>\n<\/div>\n\t\t<\/div><\/div><\/div><\/div><\/div><div id=\"pg-142-5\"  class=\"panel-grid panel-has-style\" ><div class=\"informacion singular siteorigin-panels-stretch panel-row-style panel-row-style-for-142-5\" data-stretch-type=\"full\" ><div id=\"pgc-142-5-0\"  class=\"panel-grid-cell\" ><div id=\"panel-142-5-0-0\" class=\"so-panel widget widget_text panel-first-child\" data-index=\"13\" ><h3 class=\"widget-title\">Information +34 606 064 429 \/ +34 625 906 714<\/h3>\t\t\t<div class=\"textwidget\"><p>Avda. de la M\u00fasica, 120 Alhaur\u00edn de la Torre (M\u00e1laga)<\/p>\n<\/div>\n\t\t<\/div><div id=\"panel-142-5-0-1\" class=\"so-panel widget panel-last-child\" data-index=\"14\" ><\/div><\/div><\/div><\/div><\/div>","protected":false},"excerpt":{"rendered":"<p>Learn how the Montessori method of self-learning works and what its origins are in the context of pedagogy a century ago.<\/p>\n","protected":false},"author":7,"featured_media":32,"parent":183,"menu_order":2,"comment_status":"closed","ping_status":"closed","template":"","meta":{"inline_featured_image":false,"_genesis_hide_title":false,"_genesis_hide_breadcrumbs":false,"_genesis_hide_singular_image":false,"_genesis_hide_footer_widgets":false,"_genesis_custom_body_class":"","_genesis_custom_post_class":"","_genesis_layout":"","footnotes":""},"class_list":{"0":"post-142","1":"page","2":"type-page","3":"status-publish","4":"has-post-thumbnail","6":"entry"},"yoast_head":"<!-- This site is optimized with the Yoast SEO plugin v25.3 - https:\/\/yoast.com\/wordpress\/plugins\/seo\/ -->\n<title>The Montessori Method - What is the Montessori Method?<\/title>\n<meta name=\"description\" content=\"Learn how the Montessori method of self-learning works and what its origins are in the context of pedagogy a century ago.\" \/>\n<meta name=\"robots\" content=\"index, follow, max-snippet:-1, max-image-preview:large, max-video-preview:-1\" \/>\n<link rel=\"canonical\" href=\"https:\/\/www.imsc.es\/en\/home\/montessori-method\/\" \/>\n<meta property=\"og:locale\" content=\"en_US\" \/>\n<meta property=\"og:type\" content=\"article\" \/>\n<meta property=\"og:title\" content=\"The Montessori Method - What is the Montessori Method?\" \/>\n<meta property=\"og:description\" content=\"Learn how the Montessori method of self-learning works and what its origins are in the context of pedagogy a century ago.\" \/>\n<meta property=\"og:url\" content=\"https:\/\/www.imsc.es\/en\/home\/montessori-method\/\" \/>\n<meta property=\"og:site_name\" content=\"Caracoliris EN\" \/>\n<meta property=\"article:modified_time\" content=\"2019-07-29T11:44:29+00:00\" \/>\n<meta property=\"og:image\" content=\"https:\/\/www.imsc.es\/en\/wp-content\/uploads\/sites\/4\/2018\/07\/little-girl-and-boy-learn-to-make-caramel-pm8ye9q.jpg\" \/>\n\t<meta property=\"og:image:width\" content=\"1920\" \/>\n\t<meta property=\"og:image:height\" content=\"1368\" \/>\n\t<meta property=\"og:image:type\" content=\"image\/jpeg\" \/>\n<meta name=\"twitter:card\" content=\"summary_large_image\" \/>\n<meta name=\"twitter:label1\" content=\"Est. reading time\" \/>\n\t<meta name=\"twitter:data1\" content=\"3 minutes\" \/>\n<script type=\"application\/ld+json\" class=\"yoast-schema-graph\">{\"@context\":\"https:\/\/schema.org\",\"@graph\":[{\"@type\":\"WebPage\",\"@id\":\"https:\/\/www.imsc.es\/en\/home\/montessori-method\/\",\"url\":\"https:\/\/www.imsc.es\/en\/home\/montessori-method\/\",\"name\":\"The Montessori Method - What is the Montessori Method?\",\"isPartOf\":{\"@id\":\"https:\/\/www.imsc.es\/en\/#website\"},\"primaryImageOfPage\":{\"@id\":\"https:\/\/www.imsc.es\/en\/home\/montessori-method\/#primaryimage\"},\"image\":{\"@id\":\"https:\/\/www.imsc.es\/en\/home\/montessori-method\/#primaryimage\"},\"thumbnailUrl\":\"https:\/\/www.imsc.es\/en\/wp-content\/uploads\/sites\/4\/2018\/07\/little-girl-and-boy-learn-to-make-caramel-pm8ye9q.jpg\",\"datePublished\":\"2018-09-06T14:16:12+00:00\",\"dateModified\":\"2019-07-29T11:44:29+00:00\",\"description\":\"Learn how the Montessori method of self-learning works and what its origins are in the context of pedagogy a century ago.\",\"breadcrumb\":{\"@id\":\"https:\/\/www.imsc.es\/en\/home\/montessori-method\/#breadcrumb\"},\"inLanguage\":\"en-US\",\"potentialAction\":[{\"@type\":\"ReadAction\",\"target\":[\"https:\/\/www.imsc.es\/en\/home\/montessori-method\/\"]}]},{\"@type\":\"ImageObject\",\"inLanguage\":\"en-US\",\"@id\":\"https:\/\/www.imsc.es\/en\/home\/montessori-method\/#primaryimage\",\"url\":\"https:\/\/www.imsc.es\/en\/wp-content\/uploads\/sites\/4\/2018\/07\/little-girl-and-boy-learn-to-make-caramel-pm8ye9q.jpg\",\"contentUrl\":\"https:\/\/www.imsc.es\/en\/wp-content\/uploads\/sites\/4\/2018\/07\/little-girl-and-boy-learn-to-make-caramel-pm8ye9q.jpg\",\"width\":1920,\"height\":1368,\"caption\":\"Metodolog\u00eda de aprendizaje Montessori - Colegio Caracoliris\"},{\"@type\":\"BreadcrumbList\",\"@id\":\"https:\/\/www.imsc.es\/en\/home\/montessori-method\/#breadcrumb\",\"itemListElement\":[{\"@type\":\"ListItem\",\"position\":1,\"name\":\"Portada\",\"item\":\"https:\/\/www.imsc.es\/en\/\"},{\"@type\":\"ListItem\",\"position\":2,\"name\":\"Caracoliris\",\"item\":\"https:\/\/www.imsc.es\/en\/home\/\"},{\"@type\":\"ListItem\",\"position\":3,\"name\":\"Montessori method\"}]},{\"@type\":\"WebSite\",\"@id\":\"https:\/\/www.imsc.es\/en\/#website\",\"url\":\"https:\/\/www.imsc.es\/en\/\",\"name\":\"Caracoliris EN\",\"description\":\"Colegio Biling\u00fce Formaci\u00f3n Montessori en M\u00e1laga\",\"publisher\":{\"@id\":\"https:\/\/www.imsc.es\/en\/#organization\"},\"potentialAction\":[{\"@type\":\"SearchAction\",\"target\":{\"@type\":\"EntryPoint\",\"urlTemplate\":\"https:\/\/www.imsc.es\/en\/?s={search_term_string}\"},\"query-input\":{\"@type\":\"PropertyValueSpecification\",\"valueRequired\":true,\"valueName\":\"search_term_string\"}}],\"inLanguage\":\"en-US\"},{\"@type\":\"Organization\",\"@id\":\"https:\/\/www.imsc.es\/en\/#organization\",\"name\":\"Caracoliris EN\",\"url\":\"https:\/\/www.imsc.es\/en\/\",\"logo\":{\"@type\":\"ImageObject\",\"inLanguage\":\"en-US\",\"@id\":\"https:\/\/www.imsc.es\/en\/#\/schema\/logo\/image\/\",\"url\":\"https:\/\/www.imsc.es\/en\/wp-content\/uploads\/sites\/4\/2024\/02\/logo-horizontal-colores.png\",\"contentUrl\":\"https:\/\/www.imsc.es\/en\/wp-content\/uploads\/sites\/4\/2024\/02\/logo-horizontal-colores.png\",\"width\":1908,\"height\":690,\"caption\":\"Caracoliris EN\"},\"image\":{\"@id\":\"https:\/\/www.imsc.es\/en\/#\/schema\/logo\/image\/\"}}]}<\/script>\n<!-- \/ Yoast SEO plugin. -->","yoast_head_json":{"title":"The Montessori Method - What is the Montessori Method?","description":"Learn how the Montessori method of self-learning works and what its origins are in the context of pedagogy a century ago.","robots":{"index":"index","follow":"follow","max-snippet":"max-snippet:-1","max-image-preview":"max-image-preview:large","max-video-preview":"max-video-preview:-1"},"canonical":"https:\/\/www.imsc.es\/en\/home\/montessori-method\/","og_locale":"en_US","og_type":"article","og_title":"The Montessori Method - What is the Montessori Method?","og_description":"Learn how the Montessori method of self-learning works and what its origins are in the context of pedagogy a century ago.","og_url":"https:\/\/www.imsc.es\/en\/home\/montessori-method\/","og_site_name":"Caracoliris EN","article_modified_time":"2019-07-29T11:44:29+00:00","og_image":[{"width":1920,"height":1368,"url":"https:\/\/www.imsc.es\/en\/wp-content\/uploads\/sites\/4\/2018\/07\/little-girl-and-boy-learn-to-make-caramel-pm8ye9q.jpg","type":"image\/jpeg"}],"twitter_card":"summary_large_image","twitter_misc":{"Est. reading time":"3 minutes"},"schema":{"@context":"https:\/\/schema.org","@graph":[{"@type":"WebPage","@id":"https:\/\/www.imsc.es\/en\/home\/montessori-method\/","url":"https:\/\/www.imsc.es\/en\/home\/montessori-method\/","name":"The Montessori Method - What is the Montessori Method?","isPartOf":{"@id":"https:\/\/www.imsc.es\/en\/#website"},"primaryImageOfPage":{"@id":"https:\/\/www.imsc.es\/en\/home\/montessori-method\/#primaryimage"},"image":{"@id":"https:\/\/www.imsc.es\/en\/home\/montessori-method\/#primaryimage"},"thumbnailUrl":"https:\/\/www.imsc.es\/en\/wp-content\/uploads\/sites\/4\/2018\/07\/little-girl-and-boy-learn-to-make-caramel-pm8ye9q.jpg","datePublished":"2018-09-06T14:16:12+00:00","dateModified":"2019-07-29T11:44:29+00:00","description":"Learn how the Montessori method of self-learning works and what its origins are in the context of pedagogy a century ago.","breadcrumb":{"@id":"https:\/\/www.imsc.es\/en\/home\/montessori-method\/#breadcrumb"},"inLanguage":"en-US","potentialAction":[{"@type":"ReadAction","target":["https:\/\/www.imsc.es\/en\/home\/montessori-method\/"]}]},{"@type":"ImageObject","inLanguage":"en-US","@id":"https:\/\/www.imsc.es\/en\/home\/montessori-method\/#primaryimage","url":"https:\/\/www.imsc.es\/en\/wp-content\/uploads\/sites\/4\/2018\/07\/little-girl-and-boy-learn-to-make-caramel-pm8ye9q.jpg","contentUrl":"https:\/\/www.imsc.es\/en\/wp-content\/uploads\/sites\/4\/2018\/07\/little-girl-and-boy-learn-to-make-caramel-pm8ye9q.jpg","width":1920,"height":1368,"caption":"Metodolog\u00eda de aprendizaje Montessori - Colegio Caracoliris"},{"@type":"BreadcrumbList","@id":"https:\/\/www.imsc.es\/en\/home\/montessori-method\/#breadcrumb","itemListElement":[{"@type":"ListItem","position":1,"name":"Portada","item":"https:\/\/www.imsc.es\/en\/"},{"@type":"ListItem","position":2,"name":"Caracoliris","item":"https:\/\/www.imsc.es\/en\/home\/"},{"@type":"ListItem","position":3,"name":"Montessori method"}]},{"@type":"WebSite","@id":"https:\/\/www.imsc.es\/en\/#website","url":"https:\/\/www.imsc.es\/en\/","name":"Caracoliris EN","description":"Colegio Biling\u00fce Formaci\u00f3n Montessori en M\u00e1laga","publisher":{"@id":"https:\/\/www.imsc.es\/en\/#organization"},"potentialAction":[{"@type":"SearchAction","target":{"@type":"EntryPoint","urlTemplate":"https:\/\/www.imsc.es\/en\/?s={search_term_string}"},"query-input":{"@type":"PropertyValueSpecification","valueRequired":true,"valueName":"search_term_string"}}],"inLanguage":"en-US"},{"@type":"Organization","@id":"https:\/\/www.imsc.es\/en\/#organization","name":"Caracoliris EN","url":"https:\/\/www.imsc.es\/en\/","logo":{"@type":"ImageObject","inLanguage":"en-US","@id":"https:\/\/www.imsc.es\/en\/#\/schema\/logo\/image\/","url":"https:\/\/www.imsc.es\/en\/wp-content\/uploads\/sites\/4\/2024\/02\/logo-horizontal-colores.png","contentUrl":"https:\/\/www.imsc.es\/en\/wp-content\/uploads\/sites\/4\/2024\/02\/logo-horizontal-colores.png","width":1908,"height":690,"caption":"Caracoliris EN"},"image":{"@id":"https:\/\/www.imsc.es\/en\/#\/schema\/logo\/image\/"}}]}},"featured_image_src":"https:\/\/www.imsc.es\/en\/wp-content\/uploads\/sites\/4\/2018\/07\/little-girl-and-boy-learn-to-make-caramel-pm8ye9q.jpg","featured_image_src_square":"https:\/\/www.imsc.es\/en\/wp-content\/uploads\/sites\/4\/2018\/07\/little-girl-and-boy-learn-to-make-caramel-pm8ye9q.jpg","_links":{"self":[{"href":"https:\/\/www.imsc.es\/en\/wp-json\/wp\/v2\/pages\/142","targetHints":{"allow":["GET"]}}],"collection":[{"href":"https:\/\/www.imsc.es\/en\/wp-json\/wp\/v2\/pages"}],"about":[{"href":"https:\/\/www.imsc.es\/en\/wp-json\/wp\/v2\/types\/page"}],"author":[{"embeddable":true,"href":"https:\/\/www.imsc.es\/en\/wp-json\/wp\/v2\/users\/7"}],"replies":[{"embeddable":true,"href":"https:\/\/www.imsc.es\/en\/wp-json\/wp\/v2\/comments?post=142"}],"version-history":[{"count":5,"href":"https:\/\/www.imsc.es\/en\/wp-json\/wp\/v2\/pages\/142\/revisions"}],"predecessor-version":[{"id":958,"href":"https:\/\/www.imsc.es\/en\/wp-json\/wp\/v2\/pages\/142\/revisions\/958"}],"up":[{"embeddable":true,"href":"https:\/\/www.imsc.es\/en\/wp-json\/wp\/v2\/pages\/183"}],"wp:featuredmedia":[{"embeddable":true,"href":"https:\/\/www.imsc.es\/en\/wp-json\/wp\/v2\/media\/32"}],"wp:attachment":[{"href":"https:\/\/www.imsc.es\/en\/wp-json\/wp\/v2\/media?parent=142"}],"curies":[{"name":"wp","href":"https:\/\/api.w.org\/{rel}","templated":true}]}}