{"id":1203,"date":"2022-03-08T08:46:58","date_gmt":"2022-03-08T07:46:58","guid":{"rendered":"https:\/\/www.imsc.es\/en\/?page_id=1203"},"modified":"2022-07-29T13:22:04","modified_gmt":"2022-07-29T11:22:04","slug":"cancellation-policy","status":"publish","type":"page","link":"https:\/\/www.imsc.es\/en\/cancellation-policy\/","title":{"rendered":"Cancellation Policy"},"content":{"rendered":"\n<h2 class=\"wp-block-heading\" id=\"articulo-103-excepciones-al-derecho-de-desistimiento\"><strong>Article 103. Exceptions to the right of withdrawal.<\/strong><\/h2>\n\n\n\n<p>The right of withdrawal will not be applicable to contracts that refer to:<\/p>\n\n\n\n<ol class=\"wp-block-list\" type=\"a\"><li>The provision of services, once the service has been fully executed, and if the contract imposes on the consumer or user a payment obligation, when the execution has begun, with the prior express consent of the consumer or user and with the knowledge on their part that, once the entrepreneur has fully executed the contract, he will have lost his right of withdrawal.<\/li><\/ol>\n\n\n\n<h2 class=\"wp-block-heading\" id=\"articulo-103-excepciones-al-derecho-de-desistimiento\"><strong>Article 103. Exceptions to the right of withdrawal.<\/strong><\/h2>\n\n\n\n<p>The right of withdrawal will not be applicable to contracts that refer to:<\/p>\n\n\n\n<ol class=\"wp-block-list\" type=\"a\"><li>The provision of services, once the service has been fully executed, and if the contract imposes on the consumer or user a payment obligation, when the execution has begun, with the prior express consent of the consumer or user and with the knowledge on their part that, once the entrepreneur has fully executed the contract, he will have lost his right of withdrawal.<\/li><\/ol>\n\n\n\n<p>Something preceded this literal you can put a withdrawal clause&nbsp;<strong>&nbsp;Article 104. Deadline for the exercise of the right of withdrawal.<\/strong><\/p>\n\n\n\n<p>Without prejudice to the provisions of article 105, the withdrawal period will end after fourteen calendar days or, where appropriate, thirty calendar days, counted from: The day of the conclusion of the contract, in the case of service contracts.<\/p>\n\n\n\n<h2 class=\"wp-block-heading\" id=\"articulo-105-omision-de-informacion-sobre-el-derecho-de-desistimiento\"><strong>Article 105. Omission of information on the right of withdrawal.<\/strong><\/h2>\n\n\n\n<p>1. If the entrepreneur has not provided the consumer or user with the information on the right of withdrawal, as established in article 97.1.j), the withdrawal period will end twelve months after the expiration date of the initial withdrawal period. , determined in accordance with article 104.<\/p>\n\n\n\n<p>2. If the entrepreneur has provided the consumer or user with the information referred to in the previous section within a period of twelve months from the date referred to in article 104, the withdrawal period will expire after fourteen calendar days or, where appropriate , thirty calendar days from the date on which the consumer and user receive the information.<\/p>\n","protected":false},"excerpt":{"rendered":"<p>Article 103. Exceptions to the right of withdrawal. The right of withdrawal will not be applicable to contracts that refer to: The provision of services, once the service has been fully executed, and if the contract imposes on the consumer<\/p>\n","protected":false},"author":7,"featured_media":0,"parent":0,"menu_order":0,"comment_status":"closed","ping_status":"closed","template":"","meta":{"inline_featured_image":false,"_genesis_hide_title":false,"_genesis_hide_breadcrumbs":false,"_genesis_hide_singular_image":false,"_genesis_hide_footer_widgets":false,"_genesis_custom_body_class":"","_genesis_custom_post_class":"","_genesis_layout":"","footnotes":""},"class_list":{"0":"post-1203","1":"page","2":"type-page","3":"status-publish","5":"entry"},"yoast_head":"<!-- This site is optimized with the Yoast SEO plugin v25.3 - https:\/\/yoast.com\/wordpress\/plugins\/seo\/ -->\n<title>Cancellation Policy - Caracoliris EN<\/title>\n<meta name=\"description\" content=\"The right of withdrawal will not be applicable to contracts that refer to Article 103. Exceptions to the right of withdrawal.\" \/>\n<meta name=\"robots\" content=\"index, follow, max-snippet:-1, max-image-preview:large, max-video-preview:-1\" \/>\n<link rel=\"canonical\" href=\"https:\/\/www.imsc.es\/en\/cancellation-policy\/\" \/>\n<meta property=\"og:locale\" content=\"en_US\" \/>\n<meta property=\"og:type\" content=\"article\" \/>\n<meta property=\"og:title\" content=\"Cancellation Policy - Caracoliris EN\" \/>\n<meta property=\"og:description\" content=\"The right of withdrawal will not be applicable to contracts that refer to Article 103. Exceptions to the right of withdrawal.\" \/>\n<meta property=\"og:url\" content=\"https:\/\/www.imsc.es\/en\/cancellation-policy\/\" \/>\n<meta property=\"og:site_name\" content=\"Caracoliris EN\" \/>\n<meta property=\"article:modified_time\" content=\"2022-07-29T11:22:04+00:00\" \/>\n<meta name=\"twitter:card\" content=\"summary_large_image\" \/>\n<meta name=\"twitter:label1\" content=\"Est. reading time\" \/>\n\t<meta name=\"twitter:data1\" content=\"2 minutes\" \/>\n<script type=\"application\/ld+json\" class=\"yoast-schema-graph\">{\"@context\":\"https:\/\/schema.org\",\"@graph\":[{\"@type\":\"WebPage\",\"@id\":\"https:\/\/www.imsc.es\/en\/cancellation-policy\/\",\"url\":\"https:\/\/www.imsc.es\/en\/cancellation-policy\/\",\"name\":\"Cancellation Policy - Caracoliris EN\",\"isPartOf\":{\"@id\":\"https:\/\/www.imsc.es\/en\/#website\"},\"datePublished\":\"2022-03-08T07:46:58+00:00\",\"dateModified\":\"2022-07-29T11:22:04+00:00\",\"description\":\"The right of withdrawal will not be applicable to contracts that refer to Article 103. Exceptions to the right of withdrawal.\",\"breadcrumb\":{\"@id\":\"https:\/\/www.imsc.es\/en\/cancellation-policy\/#breadcrumb\"},\"inLanguage\":\"en-US\",\"potentialAction\":[{\"@type\":\"ReadAction\",\"target\":[\"https:\/\/www.imsc.es\/en\/cancellation-policy\/\"]}]},{\"@type\":\"BreadcrumbList\",\"@id\":\"https:\/\/www.imsc.es\/en\/cancellation-policy\/#breadcrumb\",\"itemListElement\":[{\"@type\":\"ListItem\",\"position\":1,\"name\":\"Portada\",\"item\":\"https:\/\/www.imsc.es\/en\/\"},{\"@type\":\"ListItem\",\"position\":2,\"name\":\"Cancellation Policy\"}]},{\"@type\":\"WebSite\",\"@id\":\"https:\/\/www.imsc.es\/en\/#website\",\"url\":\"https:\/\/www.imsc.es\/en\/\",\"name\":\"Caracoliris EN\",\"description\":\"Colegio Biling\u00fce Formaci\u00f3n Montessori en M\u00e1laga\",\"publisher\":{\"@id\":\"https:\/\/www.imsc.es\/en\/#organization\"},\"potentialAction\":[{\"@type\":\"SearchAction\",\"target\":{\"@type\":\"EntryPoint\",\"urlTemplate\":\"https:\/\/www.imsc.es\/en\/?s={search_term_string}\"},\"query-input\":{\"@type\":\"PropertyValueSpecification\",\"valueRequired\":true,\"valueName\":\"search_term_string\"}}],\"inLanguage\":\"en-US\"},{\"@type\":\"Organization\",\"@id\":\"https:\/\/www.imsc.es\/en\/#organization\",\"name\":\"Caracoliris EN\",\"url\":\"https:\/\/www.imsc.es\/en\/\",\"logo\":{\"@type\":\"ImageObject\",\"inLanguage\":\"en-US\",\"@id\":\"https:\/\/www.imsc.es\/en\/#\/schema\/logo\/image\/\",\"url\":\"https:\/\/www.imsc.es\/en\/wp-content\/uploads\/sites\/4\/2024\/02\/logo-horizontal-colores.png\",\"contentUrl\":\"https:\/\/www.imsc.es\/en\/wp-content\/uploads\/sites\/4\/2024\/02\/logo-horizontal-colores.png\",\"width\":1908,\"height\":690,\"caption\":\"Caracoliris EN\"},\"image\":{\"@id\":\"https:\/\/www.imsc.es\/en\/#\/schema\/logo\/image\/\"}}]}<\/script>\n<!-- \/ Yoast SEO plugin. -->","yoast_head_json":{"title":"Cancellation Policy - Caracoliris EN","description":"The right of withdrawal will not be applicable to contracts that refer to Article 103. Exceptions to the right of withdrawal.","robots":{"index":"index","follow":"follow","max-snippet":"max-snippet:-1","max-image-preview":"max-image-preview:large","max-video-preview":"max-video-preview:-1"},"canonical":"https:\/\/www.imsc.es\/en\/cancellation-policy\/","og_locale":"en_US","og_type":"article","og_title":"Cancellation Policy - Caracoliris EN","og_description":"The right of withdrawal will not be applicable to contracts that refer to Article 103. Exceptions to the right of withdrawal.","og_url":"https:\/\/www.imsc.es\/en\/cancellation-policy\/","og_site_name":"Caracoliris EN","article_modified_time":"2022-07-29T11:22:04+00:00","twitter_card":"summary_large_image","twitter_misc":{"Est. reading time":"2 minutes"},"schema":{"@context":"https:\/\/schema.org","@graph":[{"@type":"WebPage","@id":"https:\/\/www.imsc.es\/en\/cancellation-policy\/","url":"https:\/\/www.imsc.es\/en\/cancellation-policy\/","name":"Cancellation Policy - Caracoliris EN","isPartOf":{"@id":"https:\/\/www.imsc.es\/en\/#website"},"datePublished":"2022-03-08T07:46:58+00:00","dateModified":"2022-07-29T11:22:04+00:00","description":"The right of withdrawal will not be applicable to contracts that refer to Article 103. Exceptions to the right of withdrawal.","breadcrumb":{"@id":"https:\/\/www.imsc.es\/en\/cancellation-policy\/#breadcrumb"},"inLanguage":"en-US","potentialAction":[{"@type":"ReadAction","target":["https:\/\/www.imsc.es\/en\/cancellation-policy\/"]}]},{"@type":"BreadcrumbList","@id":"https:\/\/www.imsc.es\/en\/cancellation-policy\/#breadcrumb","itemListElement":[{"@type":"ListItem","position":1,"name":"Portada","item":"https:\/\/www.imsc.es\/en\/"},{"@type":"ListItem","position":2,"name":"Cancellation Policy"}]},{"@type":"WebSite","@id":"https:\/\/www.imsc.es\/en\/#website","url":"https:\/\/www.imsc.es\/en\/","name":"Caracoliris EN","description":"Colegio Biling\u00fce Formaci\u00f3n Montessori en M\u00e1laga","publisher":{"@id":"https:\/\/www.imsc.es\/en\/#organization"},"potentialAction":[{"@type":"SearchAction","target":{"@type":"EntryPoint","urlTemplate":"https:\/\/www.imsc.es\/en\/?s={search_term_string}"},"query-input":{"@type":"PropertyValueSpecification","valueRequired":true,"valueName":"search_term_string"}}],"inLanguage":"en-US"},{"@type":"Organization","@id":"https:\/\/www.imsc.es\/en\/#organization","name":"Caracoliris EN","url":"https:\/\/www.imsc.es\/en\/","logo":{"@type":"ImageObject","inLanguage":"en-US","@id":"https:\/\/www.imsc.es\/en\/#\/schema\/logo\/image\/","url":"https:\/\/www.imsc.es\/en\/wp-content\/uploads\/sites\/4\/2024\/02\/logo-horizontal-colores.png","contentUrl":"https:\/\/www.imsc.es\/en\/wp-content\/uploads\/sites\/4\/2024\/02\/logo-horizontal-colores.png","width":1908,"height":690,"caption":"Caracoliris EN"},"image":{"@id":"https:\/\/www.imsc.es\/en\/#\/schema\/logo\/image\/"}}]}},"featured_image_src":null,"featured_image_src_square":null,"_links":{"self":[{"href":"https:\/\/www.imsc.es\/en\/wp-json\/wp\/v2\/pages\/1203","targetHints":{"allow":["GET"]}}],"collection":[{"href":"https:\/\/www.imsc.es\/en\/wp-json\/wp\/v2\/pages"}],"about":[{"href":"https:\/\/www.imsc.es\/en\/wp-json\/wp\/v2\/types\/page"}],"author":[{"embeddable":true,"href":"https:\/\/www.imsc.es\/en\/wp-json\/wp\/v2\/users\/7"}],"replies":[{"embeddable":true,"href":"https:\/\/www.imsc.es\/en\/wp-json\/wp\/v2\/comments?post=1203"}],"version-history":[{"count":2,"href":"https:\/\/www.imsc.es\/en\/wp-json\/wp\/v2\/pages\/1203\/revisions"}],"predecessor-version":[{"id":1206,"href":"https:\/\/www.imsc.es\/en\/wp-json\/wp\/v2\/pages\/1203\/revisions\/1206"}],"wp:attachment":[{"href":"https:\/\/www.imsc.es\/en\/wp-json\/wp\/v2\/media?parent=1203"}],"curies":[{"name":"wp","href":"https:\/\/api.w.org\/{rel}","templated":true}]}}