{"id":12,"date":"2018-07-03T11:56:17","date_gmt":"2018-07-03T09:56:17","guid":{"rendered":"https:\/\/www.imsc.es\/?page_id=12"},"modified":"2020-02-12T11:50:23","modified_gmt":"2020-02-12T10:50:23","slug":"educational-offer","status":"publish","type":"page","link":"https:\/\/www.imsc.es\/en\/educational-offer\/","title":{"rendered":"Educational Offerings"},"content":{"rendered":"<div id=\"pl-12\"  class=\"panel-layout\" ><div id=\"pg-12-0\"  class=\"panel-grid panel-has-style\" ><div class=\"texto-oferta panel-row-style panel-row-style-for-12-0\" ><div id=\"pgc-12-0-0\"  class=\"panel-grid-cell\" ><div id=\"panel-12-0-0-0\" class=\"so-panel widget widget_text panel-first-child panel-last-child\" data-index=\"0\" ><div class=\"blue panel-widget-style panel-widget-style-for-12-0-0-0\" ><h3 class=\"widget-title\">Educational Offer<\/h3>\t\t\t<div class=\"textwidget\"><p>For Dr. Montessori, every educator must follow the child, recognizing the evolving needs and characteristics of each age, building a favorable environment, both physical and spiritual, to respond to those needs.<\/p>\n<\/div>\n\t\t<\/div><\/div><\/div><div id=\"pgc-12-0-1\"  class=\"panel-grid-cell\" ><div id=\"panel-12-0-1-0\" class=\"so-panel widget widget_text panel-first-child panel-last-child\" data-index=\"1\" >\t\t\t<div class=\"textwidget\"><p>The child&#8217;s development arises from the need to adapt to his or her environment: the child needs to make sense of the world around him or her and build himself or herself in relation to that world. An environment prepared to favour this tendency is a physical and emotional space specifically prepared for a specific objective.<\/p>\n<\/div>\n\t\t<\/div><\/div><\/div><\/div><div id=\"pg-12-1\"  class=\"panel-grid panel-no-style\" ><div id=\"pgc-12-1-0\"  class=\"panel-grid-cell\" ><div id=\"panel-12-1-0-0\" class=\"so-panel widget widget_text panel-first-child\" data-index=\"2\" ><div class=\"panel-widget-style panel-widget-style-for-12-1-0-0\" >\t\t\t<div class=\"textwidget\"><p>Our space is real, simple and aesthetic, where each element has its raison d&#8217;\u00eatre in the development of the child and has been specifically designed to facilitate maximum independence of learning and exploration by children.<\/p>\n<p>Each space offers maximum opportunities for the holistic development of mind, body and emotions. It is an environment tailored to the needs of children and adapted to the needs of each phase of development. In it, children freely choose the activities that most appeal to their sensitive periods and human tendencies.<\/p>\n<\/div>\n\t\t<\/div><\/div><div id=\"panel-12-1-0-1\" class=\"so-panel widget widget_text panel-last-child\" data-index=\"3\" >\t\t\t<div class=\"textwidget\"><p>The following describes the characteristics of our curriculum and environment prepared according to the needs and psycho-pedagogical particularities of the child of each educational stage, as well as the essential elements.<\/p>\n<h3>The essential elements include in a written form the specific objectives for each stage:<\/h3>\n<\/div>\n\t\t<\/div><\/div><\/div><div id=\"pg-12-2\"  class=\"panel-grid panel-has-style\" ><div class=\"oferta_educativa page-oferta-educativa panel-row-style panel-row-style-for-12-2\" ><div id=\"pgc-12-2-0\"  class=\"panel-grid-cell\" ><div id=\"panel-12-2-0-0\" class=\"so-panel widget widget_widget_oferedu widget_oferedu panel-first-child panel-last-child\" data-index=\"4\" ><div class=\"oferta-page panel-widget-style panel-widget-style-for-12-2-0-0\" >                  <div class=\"item item-1\">\n                   <a href=\"https:\/\/www.imsc.es\/en\/formacion-montessori\/infant-community\/\" rel=\"bookmark\" title=\"Infant Community\"> <img loading=\"lazy\" decoding=\"async\" class=\"imagen_formacion\" src=\"https:\/\/www.imsc.es\/en\/wp-content\/uploads\/sites\/4\/2018\/08\/kaw1.png\" alt=\"Comunidad infantil Colegio Montessori Caracoliris\" width=\"67\" height=\"67\" \/><\/a>                        <h2 class=\"entry-title\">\n                            <a href=\"https:\/\/www.imsc.es\/en\/formacion-montessori\/infant-community\/\" rel=\"bookmark\" title=\"Infant Community\">Infant Community                            \n                            <\/a>\n                        <\/h2>\n                        \n                  <\/div>\n                            <div class=\"item item-2\">\n                   <a href=\"https:\/\/www.imsc.es\/en\/formacion-montessori\/childrens-house\/\" rel=\"bookmark\" title=\"Children\u00b4s House\"> <img loading=\"lazy\" decoding=\"async\" class=\"imagen_formacion\" src=\"https:\/\/www.imsc.es\/en\/wp-content\/uploads\/sites\/4\/2018\/08\/an_011-01.png\" alt=\"Casa de Ni\u00f1os Caracoliris Colegio Montessori en M\u00e1laga\" width=\"67\" height=\"67\" \/><\/a>                        <h2 class=\"entry-title\">\n                            <a href=\"https:\/\/www.imsc.es\/en\/formacion-montessori\/childrens-house\/\" rel=\"bookmark\" title=\"Children\u00b4s House\">Children\u00b4s House                            \n                            <\/a>\n                        <\/h2>\n                        \n                  <\/div>\n                            <div class=\"item item-3\">\n                   <a href=\"https:\/\/www.imsc.es\/en\/formacion-montessori\/workshop\/\" rel=\"bookmark\" title=\"Workshop I\"> <img loading=\"lazy\" decoding=\"async\" class=\"imagen_formacion\" src=\"https:\/\/www.imsc.es\/en\/wp-content\/uploads\/sites\/4\/2018\/08\/an_011-012e.png\" alt=\"Taller I Colegio Montessori Caracoliris M\u00e1laga\" width=\"67\" height=\"67\" \/><\/a>                        <h2 class=\"entry-title\">\n                            <a href=\"https:\/\/www.imsc.es\/en\/formacion-montessori\/workshop\/\" rel=\"bookmark\" title=\"Workshop I\">Workshop I                            \n                            <\/a>\n                        <\/h2>\n                        \n                  <\/div>\n                            <div class=\"item item-4\">\n                   <a href=\"https:\/\/www.imsc.es\/en\/formacion-montessori\/workshop-ii\/\" rel=\"bookmark\" title=\"Workshop II\"> <img loading=\"lazy\" decoding=\"async\" class=\"imagen_formacion\" src=\"https:\/\/www.imsc.es\/en\/wp-content\/uploads\/sites\/4\/2018\/08\/038-06.png\" alt=\"Taller II Colegio Montessori M\u00e1laga Caracoliris\" width=\"67\" height=\"67\" \/><\/a>                        <h2 class=\"entry-title\">\n                            <a href=\"https:\/\/www.imsc.es\/en\/formacion-montessori\/workshop-ii\/\" rel=\"bookmark\" title=\"Workshop II\">Workshop II                            \n                            <\/a>\n                        <\/h2>\n                        \n                  <\/div>\n                            <div class=\"item item-5\">\n                   <a href=\"https:\/\/www.imsc.es\/en\/formacion-montessori\/pedagogical-development\/\" rel=\"bookmark\" title=\"Pedagogical development\"> <img loading=\"lazy\" decoding=\"async\" class=\"imagen_formacion\" src=\"https:\/\/www.imsc.es\/en\/wp-content\/uploads\/sites\/4\/2018\/08\/cpv1.png\" alt=\"Equipo de Desarrollo Multidisciplinar Colegio Montessori\" width=\"67\" height=\"67\" \/><\/a>                        <h2 class=\"entry-title\">\n                            <a href=\"https:\/\/www.imsc.es\/en\/formacion-montessori\/pedagogical-development\/\" rel=\"bookmark\" title=\"Pedagogical development\">Pedagogical development                            \n                            <\/a>\n                        <\/h2>\n                        \n                  <\/div>\n                            <div class=\"item item-6\">\n                   <a href=\"https:\/\/www.imsc.es\/en\/formacion-montessori\/activities-extra-curricular\/\" rel=\"bookmark\" title=\"Extracurricular Activities\"> <img loading=\"lazy\" decoding=\"async\" class=\"imagen_formacion\" src=\"https:\/\/www.imsc.es\/en\/wp-content\/uploads\/sites\/4\/2018\/08\/ski.png\" alt=\"Actividades extraescolares en Colegio Montessori\" width=\"51\" height=\"66\" \/><\/a>                        <h2 class=\"entry-title\">\n                            <a href=\"https:\/\/www.imsc.es\/en\/formacion-montessori\/activities-extra-curricular\/\" rel=\"bookmark\" title=\"Extracurricular Activities\">Extracurricular Activities                            \n                            <\/a>\n                        <\/h2>\n                        \n                  <\/div>\n          <\/div><\/div><\/div><\/div><\/div><div id=\"pg-12-3\"  class=\"panel-grid panel-no-style\" ><div id=\"pgc-12-3-0\"  class=\"panel-grid-cell\" ><div id=\"panel-12-3-0-0\" class=\"so-panel widget widget_text panel-first-child panel-last-child\" data-index=\"5\" >\t\t\t<div class=\"textwidget\"><div class=\"page\" title=\"Page 1\">\n<div class=\"layoutArea\">\n<div class=\"column\">\n<div class=\"page\" title=\"Page 1\">\n<div class=\"layoutArea\">\n<div class=\"column\">\n<div class=\"page\" title=\"Page 1\">\n<div class=\"layoutArea\">\n<div class=\"column\">\n<p>&#8220;&#8230;in it, there is a global power, `a creative human essence\u00b4that impels it to form the man of his time, of his civilization proceeding in its absorbent faculty according to the laws of growth which are universal for all humankind&#8221;<\/p>\n<p>Maria Montessori &#8211; The Child\u00b4s Absorbent Mind<\/p>\n<\/div>\n<\/div>\n<\/div>\n<\/div>\n<\/div>\n<\/div>\n<\/div>\n<\/div>\n<\/div>\n<p>&nbsp;<\/p>\n<\/div>\n\t\t<\/div><\/div><\/div><div id=\"pg-12-4\"  class=\"panel-grid panel-has-style\" ><div class=\"informacion siteorigin-panels-stretch panel-row-style panel-row-style-for-12-4\" data-stretch-type=\"full\" ><div id=\"pgc-12-4-0\"  class=\"panel-grid-cell\" ><div id=\"panel-12-4-0-0\" class=\"so-panel widget widget_text panel-first-child\" data-index=\"6\" ><h3 class=\"widget-title\">Information +34 606 064 429 \/ +34 625 906 714<\/h3>\t\t\t<div class=\"textwidget\"><p>Avda. de la M\u00fasica, 120 Alhaur\u00edn de la Torre (M\u00e1laga)<\/p>\n<\/div>\n\t\t<\/div><div id=\"panel-12-4-0-1\" class=\"so-panel widget panel-last-child\" data-index=\"7\" ><\/div><\/div><\/div><\/div><\/div>","protected":false},"excerpt":{"rendered":"<p>International School Montessori Caracoliris is a carefully designed space for the development of children. <\/p>\n","protected":false},"author":1,"featured_media":32,"parent":0,"menu_order":0,"comment_status":"closed","ping_status":"closed","template":"","meta":{"inline_featured_image":false,"_genesis_hide_title":false,"_genesis_hide_breadcrumbs":false,"_genesis_hide_singular_image":false,"_genesis_hide_footer_widgets":false,"_genesis_custom_body_class":"","_genesis_custom_post_class":"","_genesis_layout":"","footnotes":""},"class_list":{"0":"post-12","1":"page","2":"type-page","3":"status-publish","4":"has-post-thumbnail","6":"entry"},"yoast_head":"<!-- This site is optimized with the Yoast SEO plugin v25.3 - https:\/\/yoast.com\/wordpress\/plugins\/seo\/ -->\n<title>Educational Offerings - Caracoliris EN<\/title>\n<meta name=\"description\" content=\"International Montessori School Caracoliris offers a complete educational offer for all ages of the child based on the Montessori methodology.\" \/>\n<meta name=\"robots\" content=\"index, follow, max-snippet:-1, max-image-preview:large, max-video-preview:-1\" \/>\n<link rel=\"canonical\" href=\"https:\/\/www.imsc.es\/en\/educational-offer\/\" \/>\n<meta property=\"og:locale\" content=\"en_US\" \/>\n<meta property=\"og:type\" content=\"article\" \/>\n<meta property=\"og:title\" content=\"Educational Offerings - Caracoliris EN\" \/>\n<meta property=\"og:description\" content=\"International Montessori School Caracoliris offers a complete educational offer for all ages of the child based on the Montessori methodology.\" \/>\n<meta property=\"og:url\" content=\"https:\/\/www.imsc.es\/en\/educational-offer\/\" \/>\n<meta property=\"og:site_name\" content=\"Caracoliris EN\" \/>\n<meta property=\"article:modified_time\" content=\"2020-02-12T10:50:23+00:00\" \/>\n<meta property=\"og:image\" content=\"https:\/\/www.imsc.es\/en\/wp-content\/uploads\/sites\/4\/2018\/07\/little-girl-and-boy-learn-to-make-caramel-pm8ye9q.jpg\" \/>\n\t<meta property=\"og:image:width\" content=\"1920\" \/>\n\t<meta property=\"og:image:height\" content=\"1368\" \/>\n\t<meta property=\"og:image:type\" content=\"image\/jpeg\" \/>\n<meta name=\"twitter:card\" content=\"summary_large_image\" \/>\n<meta name=\"twitter:label1\" content=\"Est. reading time\" \/>\n\t<meta name=\"twitter:data1\" content=\"1 minute\" \/>\n<script type=\"application\/ld+json\" class=\"yoast-schema-graph\">{\"@context\":\"https:\/\/schema.org\",\"@graph\":[{\"@type\":\"WebPage\",\"@id\":\"https:\/\/www.imsc.es\/en\/educational-offer\/\",\"url\":\"https:\/\/www.imsc.es\/en\/educational-offer\/\",\"name\":\"Educational Offerings - Caracoliris EN\",\"isPartOf\":{\"@id\":\"https:\/\/www.imsc.es\/en\/#website\"},\"primaryImageOfPage\":{\"@id\":\"https:\/\/www.imsc.es\/en\/educational-offer\/#primaryimage\"},\"image\":{\"@id\":\"https:\/\/www.imsc.es\/en\/educational-offer\/#primaryimage\"},\"thumbnailUrl\":\"https:\/\/www.imsc.es\/en\/wp-content\/uploads\/sites\/4\/2018\/07\/little-girl-and-boy-learn-to-make-caramel-pm8ye9q.jpg\",\"datePublished\":\"2018-07-03T09:56:17+00:00\",\"dateModified\":\"2020-02-12T10:50:23+00:00\",\"description\":\"International Montessori School Caracoliris offers a complete educational offer for all ages of the child based on the Montessori methodology.\",\"breadcrumb\":{\"@id\":\"https:\/\/www.imsc.es\/en\/educational-offer\/#breadcrumb\"},\"inLanguage\":\"en-US\",\"potentialAction\":[{\"@type\":\"ReadAction\",\"target\":[\"https:\/\/www.imsc.es\/en\/educational-offer\/\"]}]},{\"@type\":\"ImageObject\",\"inLanguage\":\"en-US\",\"@id\":\"https:\/\/www.imsc.es\/en\/educational-offer\/#primaryimage\",\"url\":\"https:\/\/www.imsc.es\/en\/wp-content\/uploads\/sites\/4\/2018\/07\/little-girl-and-boy-learn-to-make-caramel-pm8ye9q.jpg\",\"contentUrl\":\"https:\/\/www.imsc.es\/en\/wp-content\/uploads\/sites\/4\/2018\/07\/little-girl-and-boy-learn-to-make-caramel-pm8ye9q.jpg\",\"width\":1920,\"height\":1368,\"caption\":\"Metodolog\u00eda de aprendizaje Montessori - Colegio Caracoliris\"},{\"@type\":\"BreadcrumbList\",\"@id\":\"https:\/\/www.imsc.es\/en\/educational-offer\/#breadcrumb\",\"itemListElement\":[{\"@type\":\"ListItem\",\"position\":1,\"name\":\"Portada\",\"item\":\"https:\/\/www.imsc.es\/en\/\"},{\"@type\":\"ListItem\",\"position\":2,\"name\":\"Educational Offerings\"}]},{\"@type\":\"WebSite\",\"@id\":\"https:\/\/www.imsc.es\/en\/#website\",\"url\":\"https:\/\/www.imsc.es\/en\/\",\"name\":\"Caracoliris EN\",\"description\":\"Colegio Biling\u00fce Formaci\u00f3n Montessori en M\u00e1laga\",\"publisher\":{\"@id\":\"https:\/\/www.imsc.es\/en\/#organization\"},\"potentialAction\":[{\"@type\":\"SearchAction\",\"target\":{\"@type\":\"EntryPoint\",\"urlTemplate\":\"https:\/\/www.imsc.es\/en\/?s={search_term_string}\"},\"query-input\":{\"@type\":\"PropertyValueSpecification\",\"valueRequired\":true,\"valueName\":\"search_term_string\"}}],\"inLanguage\":\"en-US\"},{\"@type\":\"Organization\",\"@id\":\"https:\/\/www.imsc.es\/en\/#organization\",\"name\":\"Caracoliris EN\",\"url\":\"https:\/\/www.imsc.es\/en\/\",\"logo\":{\"@type\":\"ImageObject\",\"inLanguage\":\"en-US\",\"@id\":\"https:\/\/www.imsc.es\/en\/#\/schema\/logo\/image\/\",\"url\":\"https:\/\/www.imsc.es\/en\/wp-content\/uploads\/sites\/4\/2024\/02\/logo-horizontal-colores.png\",\"contentUrl\":\"https:\/\/www.imsc.es\/en\/wp-content\/uploads\/sites\/4\/2024\/02\/logo-horizontal-colores.png\",\"width\":1908,\"height\":690,\"caption\":\"Caracoliris EN\"},\"image\":{\"@id\":\"https:\/\/www.imsc.es\/en\/#\/schema\/logo\/image\/\"}}]}<\/script>\n<!-- \/ Yoast SEO plugin. -->","yoast_head_json":{"title":"Educational Offerings - Caracoliris EN","description":"International Montessori School Caracoliris offers a complete educational offer for all ages of the child based on the Montessori methodology.","robots":{"index":"index","follow":"follow","max-snippet":"max-snippet:-1","max-image-preview":"max-image-preview:large","max-video-preview":"max-video-preview:-1"},"canonical":"https:\/\/www.imsc.es\/en\/educational-offer\/","og_locale":"en_US","og_type":"article","og_title":"Educational Offerings - Caracoliris EN","og_description":"International Montessori School Caracoliris offers a complete educational offer for all ages of the child based on the Montessori methodology.","og_url":"https:\/\/www.imsc.es\/en\/educational-offer\/","og_site_name":"Caracoliris EN","article_modified_time":"2020-02-12T10:50:23+00:00","og_image":[{"width":1920,"height":1368,"url":"https:\/\/www.imsc.es\/en\/wp-content\/uploads\/sites\/4\/2018\/07\/little-girl-and-boy-learn-to-make-caramel-pm8ye9q.jpg","type":"image\/jpeg"}],"twitter_card":"summary_large_image","twitter_misc":{"Est. reading time":"1 minute"},"schema":{"@context":"https:\/\/schema.org","@graph":[{"@type":"WebPage","@id":"https:\/\/www.imsc.es\/en\/educational-offer\/","url":"https:\/\/www.imsc.es\/en\/educational-offer\/","name":"Educational Offerings - Caracoliris EN","isPartOf":{"@id":"https:\/\/www.imsc.es\/en\/#website"},"primaryImageOfPage":{"@id":"https:\/\/www.imsc.es\/en\/educational-offer\/#primaryimage"},"image":{"@id":"https:\/\/www.imsc.es\/en\/educational-offer\/#primaryimage"},"thumbnailUrl":"https:\/\/www.imsc.es\/en\/wp-content\/uploads\/sites\/4\/2018\/07\/little-girl-and-boy-learn-to-make-caramel-pm8ye9q.jpg","datePublished":"2018-07-03T09:56:17+00:00","dateModified":"2020-02-12T10:50:23+00:00","description":"International Montessori School Caracoliris offers a complete educational offer for all ages of the child based on the Montessori methodology.","breadcrumb":{"@id":"https:\/\/www.imsc.es\/en\/educational-offer\/#breadcrumb"},"inLanguage":"en-US","potentialAction":[{"@type":"ReadAction","target":["https:\/\/www.imsc.es\/en\/educational-offer\/"]}]},{"@type":"ImageObject","inLanguage":"en-US","@id":"https:\/\/www.imsc.es\/en\/educational-offer\/#primaryimage","url":"https:\/\/www.imsc.es\/en\/wp-content\/uploads\/sites\/4\/2018\/07\/little-girl-and-boy-learn-to-make-caramel-pm8ye9q.jpg","contentUrl":"https:\/\/www.imsc.es\/en\/wp-content\/uploads\/sites\/4\/2018\/07\/little-girl-and-boy-learn-to-make-caramel-pm8ye9q.jpg","width":1920,"height":1368,"caption":"Metodolog\u00eda de aprendizaje Montessori - Colegio Caracoliris"},{"@type":"BreadcrumbList","@id":"https:\/\/www.imsc.es\/en\/educational-offer\/#breadcrumb","itemListElement":[{"@type":"ListItem","position":1,"name":"Portada","item":"https:\/\/www.imsc.es\/en\/"},{"@type":"ListItem","position":2,"name":"Educational Offerings"}]},{"@type":"WebSite","@id":"https:\/\/www.imsc.es\/en\/#website","url":"https:\/\/www.imsc.es\/en\/","name":"Caracoliris EN","description":"Colegio Biling\u00fce Formaci\u00f3n Montessori en M\u00e1laga","publisher":{"@id":"https:\/\/www.imsc.es\/en\/#organization"},"potentialAction":[{"@type":"SearchAction","target":{"@type":"EntryPoint","urlTemplate":"https:\/\/www.imsc.es\/en\/?s={search_term_string}"},"query-input":{"@type":"PropertyValueSpecification","valueRequired":true,"valueName":"search_term_string"}}],"inLanguage":"en-US"},{"@type":"Organization","@id":"https:\/\/www.imsc.es\/en\/#organization","name":"Caracoliris EN","url":"https:\/\/www.imsc.es\/en\/","logo":{"@type":"ImageObject","inLanguage":"en-US","@id":"https:\/\/www.imsc.es\/en\/#\/schema\/logo\/image\/","url":"https:\/\/www.imsc.es\/en\/wp-content\/uploads\/sites\/4\/2024\/02\/logo-horizontal-colores.png","contentUrl":"https:\/\/www.imsc.es\/en\/wp-content\/uploads\/sites\/4\/2024\/02\/logo-horizontal-colores.png","width":1908,"height":690,"caption":"Caracoliris EN"},"image":{"@id":"https:\/\/www.imsc.es\/en\/#\/schema\/logo\/image\/"}}]}},"featured_image_src":"https:\/\/www.imsc.es\/en\/wp-content\/uploads\/sites\/4\/2018\/07\/little-girl-and-boy-learn-to-make-caramel-pm8ye9q.jpg","featured_image_src_square":"https:\/\/www.imsc.es\/en\/wp-content\/uploads\/sites\/4\/2018\/07\/little-girl-and-boy-learn-to-make-caramel-pm8ye9q.jpg","_links":{"self":[{"href":"https:\/\/www.imsc.es\/en\/wp-json\/wp\/v2\/pages\/12","targetHints":{"allow":["GET"]}}],"collection":[{"href":"https:\/\/www.imsc.es\/en\/wp-json\/wp\/v2\/pages"}],"about":[{"href":"https:\/\/www.imsc.es\/en\/wp-json\/wp\/v2\/types\/page"}],"author":[{"embeddable":true,"href":"https:\/\/www.imsc.es\/en\/wp-json\/wp\/v2\/users\/1"}],"replies":[{"embeddable":true,"href":"https:\/\/www.imsc.es\/en\/wp-json\/wp\/v2\/comments?post=12"}],"version-history":[{"count":6,"href":"https:\/\/www.imsc.es\/en\/wp-json\/wp\/v2\/pages\/12\/revisions"}],"predecessor-version":[{"id":1023,"href":"https:\/\/www.imsc.es\/en\/wp-json\/wp\/v2\/pages\/12\/revisions\/1023"}],"wp:featuredmedia":[{"embeddable":true,"href":"https:\/\/www.imsc.es\/en\/wp-json\/wp\/v2\/media\/32"}],"wp:attachment":[{"href":"https:\/\/www.imsc.es\/en\/wp-json\/wp\/v2\/media?parent=12"}],"curies":[{"name":"wp","href":"https:\/\/api.w.org\/{rel}","templated":true}]}}