{"id":1155,"date":"2021-03-30T13:24:52","date_gmt":"2021-03-30T11:24:52","guid":{"rendered":"https:\/\/www.imsc.es\/en\/?page_id=1155"},"modified":"2026-04-15T20:11:05","modified_gmt":"2026-04-15T18:11:05","slug":"rates-hours-montessori","status":"publish","type":"page","link":"https:\/\/www.imsc.es\/en\/home\/rates-hours-montessori\/","title":{"rendered":"Rates and Hours"},"content":{"rendered":"<div id=\"pl-gb1155-69f281e7d7d74\"  class=\"panel-layout wp-block-siteorigin-panels-layout-block\" ><div id=\"pg-gb1155-69f281e7d7d74-0\"  class=\"panel-grid panel-no-style\" ><div id=\"pgc-gb1155-69f281e7d7d74-0-0\"  class=\"panel-grid-cell\" ><div id=\"panel-gb1155-69f281e7d7d74-0-0-0\" class=\"so-panel widget widget_text panel-first-child\" data-index=\"0\" ><div class=\"panel-widget-style panel-widget-style-for-gb1155-69f281e7d7d74-0-0-0\" ><h3 class=\"widget-title\">Hours<\/h3>\t\t\t<div class=\"textwidget\"><p>Teaching day: According to the official calendar of the Junta de Andaluc\u00eda for the town of Alhaur\u00edn de la Torre.<\/p>\n<ul>\n<li><strong>September and june:<\/strong> Monday to Friday from 9 to 14 hours, all educational stages<\/li>\n<li><strong>October to may:<\/strong>\n<ul>\n<li>Children&#8217;s house (3-6 years): 9 to 14 hours from Monday to Friday.<\/li>\n<li>Workshop I (year 1 and 2): 9 to 14 hours from Monday to Friday.<\/li>\n<li>Workshop I (year 3): Monday, Wednesday, Thursday and Friday from 9 to 14 hours. Tuesday from 9 to 14 and 15:00 to 16:30.<\/li>\n<li>Workshop II (9-12 years): Monday, Wednesday and Friday from 9 to 14 hours. Tuesday and Thursday from 9 to 14 and 15:00 to 16:30.<\/li>\n<\/ul>\n<\/li>\n<\/ul>\n<p>Morning Classroom from 7:30 hours.<\/p>\n<p>Dining service from 14:00 to 15:30 hours.<\/p>\n<p>Late pick-up service from 15:30 to 17:00 hours. After-school from 17 hours.<\/p>\n<p>Festivities according to the official calendar of the Junta de Andaluc\u00eda for the town of Alhaur\u00edn de la Torre.<\/p>\n<p><em>*Dining room with internal kitchen service provided there is the minimum number of entries to offer the service.<\/em><\/p>\n<\/div>\n\t\t<\/div><\/div><div id=\"panel-gb1155-69f281e7d7d74-0-0-1\" class=\"so-panel widget widget_sow-button\" data-index=\"1\" ><div\n\t\t\t\n\t\t\tclass=\"so-widget-sow-button so-widget-sow-button-flat-7e543b564687-1155\"\n\t\t\t\n\t\t><div class=\"ow-button-base ow-button-align-center\"\n>\n\t\t\t<a\n\t\t\t\t\thref=\"https:\/\/form.jotform.com\/230614294192353\"\n\t\t\t\t\tclass=\"sowb-button ow-icon-placement-left ow-button-hover\" target=\"_blank\" rel=\"noopener noreferrer\" \t>\n\t\t<span>\n\t\t\t\n\t\t\tPre-register here\t\t<\/span>\n\t\t\t<\/a>\n\t<\/div>\n<\/div><\/div><div id=\"panel-gb1155-69f281e7d7d74-0-0-2\" class=\"so-panel widget widget_text\" data-index=\"2\" ><div class=\"panel-widget-style panel-widget-style-for-gb1155-69f281e7d7d74-0-0-2\" ><h3 class=\"widget-title\">Fees<\/h3>\t\t\t<div class=\"textwidget\"><p>&nbsp;<\/p>\n<p><strong>Children&#8217;s Community\u00a0(1 to 3 years)<\/strong><\/p>\n<p>Registration fee 450\u20ac \/ Monthly fee 410\u20ac<\/p>\n<p>&nbsp;<\/p>\n<p><strong>Children&#8217;s house (3 to 6 years)<\/strong><\/p>\n<p>Registration fee 450\u20ac \/ Monthly fee 410\u20ac<\/p>\n<p>&nbsp;<\/p>\n<p><strong>Workshop I y II (6 a 9, 9 a 12 a\u00f1os)<\/strong><\/p>\n<p>Registration fee 500\u20ac\u00a0 \/ Monthly fee 460\u20ac<\/p>\n<p>&nbsp;<\/p>\n<p><strong>Discounts for siblings<\/strong> on monthly payments from the lowest to the highest amount (not applicable in tuition fee):<\/p>\n<ul>\n<li>2nd sibling 20%, 3rd sibling 25%, From the 4th sibling 30%<\/li>\n<\/ul>\n<p>&nbsp;<\/p>\n<p><em>*Organic fruit and vegetables included in the morning.<\/em><\/p>\n<p><em><strong>*Registration fee is Non-refundable\u00a0<\/strong><\/em><\/p>\n<p>&nbsp;<\/p>\n<\/div>\n\t\t<\/div><\/div><div id=\"panel-gb1155-69f281e7d7d74-0-0-3\" class=\"so-panel widget widget_text\" data-index=\"3\" ><div class=\"panel-widget-style panel-widget-style-for-gb1155-69f281e7d7d74-0-0-3\" ><h3 class=\"widget-title\">Extra Services Rates<\/h3>\t\t\t<div class=\"textwidget\"><p><strong>Morning classroom<\/strong><\/p>\n<ul>\n<li>Single day 5\u20ac<\/li>\n<li>Full month 40\u20ac<\/li>\n<\/ul>\n<p><strong>Dining room<\/strong><\/p>\n<ul>\n<li>Single day 10\u20ac (Max. 12 days per month, from 13 days you will have to pay full monthly payment).<\/li>\n<li>Full month: 150\u20ac.<\/li>\n<\/ul>\n<p><strong>Dining room with tupperware from home\u00a0<\/strong><\/p>\n<ul>\n<li>Single day 7\u20ac<\/li>\n<li>2 Days in week 40\u20ac per month<\/li>\n<li>Full month 80\u20ac<\/li>\n<\/ul>\n<p><strong>Late pickup<\/strong><\/p>\n<ul>\n<li>Single day 5\u20ac<\/li>\n<li>Full month 50\u20ac<\/li>\n<\/ul>\n<p>&nbsp;<\/p>\n<\/div>\n\t\t<\/div><\/div><div id=\"panel-gb1155-69f281e7d7d74-0-0-4\" class=\"so-panel widget widget_text panel-last-child\" data-index=\"4\" ><div class=\"panel-widget-style panel-widget-style-for-gb1155-69f281e7d7d74-0-0-4\" ><h3 class=\"widget-title\">Uniforms<\/h3>\t\t\t<div class=\"textwidget\"><p>&nbsp;<\/p>\n<p><img loading=\"lazy\" decoding=\"async\" class=\"alignnone wp-image-1508 \" src=\"https:\/\/www.imsc.es\/wp-content\/uploads\/2020\/09\/uniformes-de-colegio-montessori-caracoliris-2020-invierno-1024x498.png\" alt=\"Uniformes De Colegio Montessori Caracoliris 2020 Invierno\" width=\"855\" height=\"416\" \/><\/p>\n<p><img loading=\"lazy\" decoding=\"async\" class=\"alignnone wp-image-1509 \" src=\"https:\/\/www.imsc.es\/wp-content\/uploads\/2020\/09\/uniformes-de-colegio-montessori-caracoliris-2020-verano-1024x563.png\" alt=\"Uniformes De Colegio Montessori Caracoliris 2020 Verano\" width=\"857\" height=\"471\" \/><\/p>\n<p>&nbsp;<\/p>\n<p>Mandatory for excursions and special days.<\/p>\n<p>If you are interested in ordering a uniform, please email us at montessoricaracoliris@gmail.com and we will send you our updated price list and availability.<\/p>\n<\/div>\n\t\t<\/div><\/div><\/div><\/div><div id=\"pg-gb1155-69f281e7d7d74-1\"  class=\"panel-grid panel-has-style\" ><div class=\"ultimas-noticias singular siteorigin-panels-stretch panel-row-style panel-row-style-for-gb1155-69f281e7d7d74-1\" data-stretch-type=\"full\" ><div id=\"pgc-gb1155-69f281e7d7d74-1-0\"  class=\"panel-grid-cell panel-grid-cell-empty\" ><\/div><\/div><\/div><div id=\"pg-gb1155-69f281e7d7d74-2\"  class=\"panel-grid panel-has-style\" ><div class=\"informacion singular siteorigin-panels-stretch panel-row-style panel-row-style-for-gb1155-69f281e7d7d74-2\" data-stretch-type=\"full\" ><div id=\"pgc-gb1155-69f281e7d7d74-2-0\"  class=\"panel-grid-cell\" ><div id=\"panel-gb1155-69f281e7d7d74-2-0-0\" class=\"so-panel widget widget_text panel-first-child\" data-index=\"5\" ><h3 class=\"widget-title\">Information +34 606 064 429 \/ +34 625 906 714<\/h3>\t\t\t<div class=\"textwidget\"><p>Avda. de la M\u00fasica, 120 Alhaur\u00edn de la Torre (M\u00e1laga)<\/p>\n<p>&nbsp;<\/p>\n<p>&nbsp;<\/p>\n<\/div>\n\t\t<\/div><div id=\"panel-gb1155-69f281e7d7d74-2-0-1\" class=\"so-panel widget panel-last-child\" data-index=\"6\" ><\/div><\/div><\/div><\/div><\/div>","protected":false},"excerpt":{"rendered":"<p>General information on rates and schedules of the 25\/26 course for the International Montessori School Caracoliris.<\/p>\n","protected":false},"author":9,"featured_media":1164,"parent":183,"menu_order":5,"comment_status":"closed","ping_status":"closed","template":"","meta":{"inline_featured_image":false,"_genesis_hide_title":false,"_genesis_hide_breadcrumbs":false,"_genesis_hide_singular_image":false,"_genesis_hide_footer_widgets":false,"_genesis_custom_body_class":"","_genesis_custom_post_class":"","_genesis_layout":"","footnotes":""},"class_list":{"0":"post-1155","1":"page","2":"type-page","3":"status-publish","4":"has-post-thumbnail","6":"entry"},"yoast_head":"<!-- This site is optimized with the Yoast SEO plugin v25.3 - https:\/\/yoast.com\/wordpress\/plugins\/seo\/ -->\n<title>Rates and hours International Montessori School - Caracoliris EN<\/title>\n<meta name=\"description\" content=\"General information on rates and schedules of the 25\/26 course for the International Montessori School Caracoliris.\" \/>\n<meta name=\"robots\" content=\"index, follow, max-snippet:-1, max-image-preview:large, max-video-preview:-1\" \/>\n<link rel=\"canonical\" href=\"https:\/\/www.imsc.es\/en\/home\/rates-hours-montessori\/\" \/>\n<meta property=\"og:locale\" content=\"en_US\" \/>\n<meta property=\"og:type\" content=\"article\" \/>\n<meta property=\"og:title\" content=\"Rates and hours International Montessori School - Caracoliris EN\" \/>\n<meta property=\"og:description\" content=\"General information on rates and schedules of the 25\/26 course for the International Montessori School Caracoliris.\" \/>\n<meta property=\"og:url\" content=\"https:\/\/www.imsc.es\/en\/home\/rates-hours-montessori\/\" \/>\n<meta property=\"og:site_name\" content=\"Caracoliris EN\" \/>\n<meta property=\"article:modified_time\" content=\"2026-04-15T18:11:05+00:00\" \/>\n<meta property=\"og:image\" content=\"https:\/\/www.imsc.es\/en\/wp-content\/uploads\/sites\/4\/2021\/03\/rates-and-hours.jpeg\" \/>\n\t<meta property=\"og:image:width\" content=\"2560\" \/>\n\t<meta property=\"og:image:height\" content=\"1707\" \/>\n\t<meta property=\"og:image:type\" content=\"image\/jpeg\" \/>\n<meta name=\"twitter:card\" content=\"summary_large_image\" \/>\n<meta name=\"twitter:label1\" content=\"Est. reading time\" \/>\n\t<meta name=\"twitter:data1\" content=\"3 minutes\" \/>\n<script type=\"application\/ld+json\" class=\"yoast-schema-graph\">{\"@context\":\"https:\/\/schema.org\",\"@graph\":[{\"@type\":\"WebPage\",\"@id\":\"https:\/\/www.imsc.es\/en\/home\/rates-hours-montessori\/\",\"url\":\"https:\/\/www.imsc.es\/en\/home\/rates-hours-montessori\/\",\"name\":\"Rates and hours International Montessori School - Caracoliris EN\",\"isPartOf\":{\"@id\":\"https:\/\/www.imsc.es\/en\/#website\"},\"primaryImageOfPage\":{\"@id\":\"https:\/\/www.imsc.es\/en\/home\/rates-hours-montessori\/#primaryimage\"},\"image\":{\"@id\":\"https:\/\/www.imsc.es\/en\/home\/rates-hours-montessori\/#primaryimage\"},\"thumbnailUrl\":\"https:\/\/www.imsc.es\/en\/wp-content\/uploads\/sites\/4\/2021\/03\/rates-and-hours.jpeg\",\"datePublished\":\"2021-03-30T11:24:52+00:00\",\"dateModified\":\"2026-04-15T18:11:05+00:00\",\"description\":\"General information on rates and schedules of the 25\/26 course for the International Montessori School Caracoliris.\",\"breadcrumb\":{\"@id\":\"https:\/\/www.imsc.es\/en\/home\/rates-hours-montessori\/#breadcrumb\"},\"inLanguage\":\"en-US\",\"potentialAction\":[{\"@type\":\"ReadAction\",\"target\":[\"https:\/\/www.imsc.es\/en\/home\/rates-hours-montessori\/\"]}]},{\"@type\":\"ImageObject\",\"inLanguage\":\"en-US\",\"@id\":\"https:\/\/www.imsc.es\/en\/home\/rates-hours-montessori\/#primaryimage\",\"url\":\"https:\/\/www.imsc.es\/en\/wp-content\/uploads\/sites\/4\/2021\/03\/rates-and-hours.jpeg\",\"contentUrl\":\"https:\/\/www.imsc.es\/en\/wp-content\/uploads\/sites\/4\/2021\/03\/rates-and-hours.jpeg\",\"width\":2560,\"height\":1707,\"caption\":\"Rates And Hours\"},{\"@type\":\"BreadcrumbList\",\"@id\":\"https:\/\/www.imsc.es\/en\/home\/rates-hours-montessori\/#breadcrumb\",\"itemListElement\":[{\"@type\":\"ListItem\",\"position\":1,\"name\":\"Portada\",\"item\":\"https:\/\/www.imsc.es\/en\/\"},{\"@type\":\"ListItem\",\"position\":2,\"name\":\"Caracoliris\",\"item\":\"https:\/\/www.imsc.es\/en\/home\/\"},{\"@type\":\"ListItem\",\"position\":3,\"name\":\"Rates and Hours\"}]},{\"@type\":\"WebSite\",\"@id\":\"https:\/\/www.imsc.es\/en\/#website\",\"url\":\"https:\/\/www.imsc.es\/en\/\",\"name\":\"Caracoliris EN\",\"description\":\"Colegio Biling\u00fce Formaci\u00f3n Montessori en M\u00e1laga\",\"publisher\":{\"@id\":\"https:\/\/www.imsc.es\/en\/#organization\"},\"potentialAction\":[{\"@type\":\"SearchAction\",\"target\":{\"@type\":\"EntryPoint\",\"urlTemplate\":\"https:\/\/www.imsc.es\/en\/?s={search_term_string}\"},\"query-input\":{\"@type\":\"PropertyValueSpecification\",\"valueRequired\":true,\"valueName\":\"search_term_string\"}}],\"inLanguage\":\"en-US\"},{\"@type\":\"Organization\",\"@id\":\"https:\/\/www.imsc.es\/en\/#organization\",\"name\":\"Caracoliris EN\",\"url\":\"https:\/\/www.imsc.es\/en\/\",\"logo\":{\"@type\":\"ImageObject\",\"inLanguage\":\"en-US\",\"@id\":\"https:\/\/www.imsc.es\/en\/#\/schema\/logo\/image\/\",\"url\":\"https:\/\/www.imsc.es\/en\/wp-content\/uploads\/sites\/4\/2024\/02\/logo-horizontal-colores.png\",\"contentUrl\":\"https:\/\/www.imsc.es\/en\/wp-content\/uploads\/sites\/4\/2024\/02\/logo-horizontal-colores.png\",\"width\":1908,\"height\":690,\"caption\":\"Caracoliris EN\"},\"image\":{\"@id\":\"https:\/\/www.imsc.es\/en\/#\/schema\/logo\/image\/\"}}]}<\/script>\n<!-- \/ Yoast SEO plugin. -->","yoast_head_json":{"title":"Rates and hours International Montessori School - Caracoliris EN","description":"General information on rates and schedules of the 25\/26 course for the International Montessori School Caracoliris.","robots":{"index":"index","follow":"follow","max-snippet":"max-snippet:-1","max-image-preview":"max-image-preview:large","max-video-preview":"max-video-preview:-1"},"canonical":"https:\/\/www.imsc.es\/en\/home\/rates-hours-montessori\/","og_locale":"en_US","og_type":"article","og_title":"Rates and hours International Montessori School - Caracoliris EN","og_description":"General information on rates and schedules of the 25\/26 course for the International Montessori School Caracoliris.","og_url":"https:\/\/www.imsc.es\/en\/home\/rates-hours-montessori\/","og_site_name":"Caracoliris EN","article_modified_time":"2026-04-15T18:11:05+00:00","og_image":[{"width":2560,"height":1707,"url":"https:\/\/www.imsc.es\/en\/wp-content\/uploads\/sites\/4\/2021\/03\/rates-and-hours.jpeg","type":"image\/jpeg"}],"twitter_card":"summary_large_image","twitter_misc":{"Est. reading time":"3 minutes"},"schema":{"@context":"https:\/\/schema.org","@graph":[{"@type":"WebPage","@id":"https:\/\/www.imsc.es\/en\/home\/rates-hours-montessori\/","url":"https:\/\/www.imsc.es\/en\/home\/rates-hours-montessori\/","name":"Rates and hours International Montessori School - Caracoliris EN","isPartOf":{"@id":"https:\/\/www.imsc.es\/en\/#website"},"primaryImageOfPage":{"@id":"https:\/\/www.imsc.es\/en\/home\/rates-hours-montessori\/#primaryimage"},"image":{"@id":"https:\/\/www.imsc.es\/en\/home\/rates-hours-montessori\/#primaryimage"},"thumbnailUrl":"https:\/\/www.imsc.es\/en\/wp-content\/uploads\/sites\/4\/2021\/03\/rates-and-hours.jpeg","datePublished":"2021-03-30T11:24:52+00:00","dateModified":"2026-04-15T18:11:05+00:00","description":"General information on rates and schedules of the 25\/26 course for the International Montessori School Caracoliris.","breadcrumb":{"@id":"https:\/\/www.imsc.es\/en\/home\/rates-hours-montessori\/#breadcrumb"},"inLanguage":"en-US","potentialAction":[{"@type":"ReadAction","target":["https:\/\/www.imsc.es\/en\/home\/rates-hours-montessori\/"]}]},{"@type":"ImageObject","inLanguage":"en-US","@id":"https:\/\/www.imsc.es\/en\/home\/rates-hours-montessori\/#primaryimage","url":"https:\/\/www.imsc.es\/en\/wp-content\/uploads\/sites\/4\/2021\/03\/rates-and-hours.jpeg","contentUrl":"https:\/\/www.imsc.es\/en\/wp-content\/uploads\/sites\/4\/2021\/03\/rates-and-hours.jpeg","width":2560,"height":1707,"caption":"Rates And Hours"},{"@type":"BreadcrumbList","@id":"https:\/\/www.imsc.es\/en\/home\/rates-hours-montessori\/#breadcrumb","itemListElement":[{"@type":"ListItem","position":1,"name":"Portada","item":"https:\/\/www.imsc.es\/en\/"},{"@type":"ListItem","position":2,"name":"Caracoliris","item":"https:\/\/www.imsc.es\/en\/home\/"},{"@type":"ListItem","position":3,"name":"Rates and Hours"}]},{"@type":"WebSite","@id":"https:\/\/www.imsc.es\/en\/#website","url":"https:\/\/www.imsc.es\/en\/","name":"Caracoliris EN","description":"Colegio Biling\u00fce Formaci\u00f3n Montessori en M\u00e1laga","publisher":{"@id":"https:\/\/www.imsc.es\/en\/#organization"},"potentialAction":[{"@type":"SearchAction","target":{"@type":"EntryPoint","urlTemplate":"https:\/\/www.imsc.es\/en\/?s={search_term_string}"},"query-input":{"@type":"PropertyValueSpecification","valueRequired":true,"valueName":"search_term_string"}}],"inLanguage":"en-US"},{"@type":"Organization","@id":"https:\/\/www.imsc.es\/en\/#organization","name":"Caracoliris EN","url":"https:\/\/www.imsc.es\/en\/","logo":{"@type":"ImageObject","inLanguage":"en-US","@id":"https:\/\/www.imsc.es\/en\/#\/schema\/logo\/image\/","url":"https:\/\/www.imsc.es\/en\/wp-content\/uploads\/sites\/4\/2024\/02\/logo-horizontal-colores.png","contentUrl":"https:\/\/www.imsc.es\/en\/wp-content\/uploads\/sites\/4\/2024\/02\/logo-horizontal-colores.png","width":1908,"height":690,"caption":"Caracoliris EN"},"image":{"@id":"https:\/\/www.imsc.es\/en\/#\/schema\/logo\/image\/"}}]}},"featured_image_src":"https:\/\/www.imsc.es\/en\/wp-content\/uploads\/sites\/4\/2021\/03\/rates-and-hours-600x400.jpeg","featured_image_src_square":"https:\/\/www.imsc.es\/en\/wp-content\/uploads\/sites\/4\/2021\/03\/rates-and-hours-600x600.jpeg","_links":{"self":[{"href":"https:\/\/www.imsc.es\/en\/wp-json\/wp\/v2\/pages\/1155","targetHints":{"allow":["GET"]}}],"collection":[{"href":"https:\/\/www.imsc.es\/en\/wp-json\/wp\/v2\/pages"}],"about":[{"href":"https:\/\/www.imsc.es\/en\/wp-json\/wp\/v2\/types\/page"}],"author":[{"embeddable":true,"href":"https:\/\/www.imsc.es\/en\/wp-json\/wp\/v2\/users\/9"}],"replies":[{"embeddable":true,"href":"https:\/\/www.imsc.es\/en\/wp-json\/wp\/v2\/comments?post=1155"}],"version-history":[{"count":3,"href":"https:\/\/www.imsc.es\/en\/wp-json\/wp\/v2\/pages\/1155\/revisions"}],"predecessor-version":[{"id":1271,"href":"https:\/\/www.imsc.es\/en\/wp-json\/wp\/v2\/pages\/1155\/revisions\/1271"}],"up":[{"embeddable":true,"href":"https:\/\/www.imsc.es\/en\/wp-json\/wp\/v2\/pages\/183"}],"wp:featuredmedia":[{"embeddable":true,"href":"https:\/\/www.imsc.es\/en\/wp-json\/wp\/v2\/media\/1164"}],"wp:attachment":[{"href":"https:\/\/www.imsc.es\/en\/wp-json\/wp\/v2\/media?parent=1155"}],"curies":[{"name":"wp","href":"https:\/\/api.w.org\/{rel}","templated":true}]}}