{"id":10,"date":"2018-07-03T11:55:57","date_gmt":"2018-07-03T09:55:57","guid":{"rendered":"https:\/\/www.imsc.es\/?page_id=10"},"modified":"2020-02-26T09:01:15","modified_gmt":"2020-02-26T08:01:15","slug":"philosophy-montessori","status":"publish","type":"page","link":"https:\/\/www.imsc.es\/en\/home\/philosophy-montessori\/","title":{"rendered":"Philosophy"},"content":{"rendered":"<div id=\"pl-10\"  class=\"panel-layout\" ><div id=\"pg-10-0\"  class=\"panel-grid panel-has-style\" ><div class=\"oferta_educativa oferta_educativa_page mision cuadro-azul panel-row-style panel-row-style-for-10-0\" ><div id=\"pgc-10-0-0\"  class=\"panel-grid-cell\" ><div id=\"panel-10-0-0-0\" class=\"so-panel widget widget_text panel-first-child panel-last-child\" data-index=\"0\" ><h3 class=\"widget-title\">School Mission<\/h3>\t\t\t<div class=\"textwidget\"><p>To accompany the integral development of the child towards the achievement of a high academic level and high human quality through the scientific Montessori method. We empower the citizens of the future to be free, creative, autonomous, capable of making decisions, confident and secure. To guide children, valuing their own nature, towards experiential and meaningful learning in a climate of trust, harmony, respect and collaboration, without interruptions to experience new challenges.<\/p>\n<\/div>\n\t\t<\/div><\/div><\/div><\/div><div id=\"pg-10-1\"  class=\"panel-grid panel-has-style\" ><div class=\"cuadro-verde vision panel-row-style panel-row-style-for-10-1\" ><div id=\"pgc-10-1-0\"  class=\"panel-grid-cell\" ><div id=\"panel-10-1-0-0\" class=\"so-panel widget widget_text panel-first-child panel-last-child\" data-index=\"1\" ><h3 class=\"widget-title\">Visi\u00f3n de la Escuela<\/h3>\t\t\t<div class=\"textwidget\"><div class=\"page\" title=\"Page 3\">\n<div class=\"section\">\n<div class=\"layoutArea\">\n<div class=\"column\">\n<p>Ser una institucio\u0301n distinguida por la integridad del me\u0301todo, la coherencia de las experiencias compartidas por todos los miembros de la comunidad educativa y la excelencia en la calidad de las competencias desarrolladas por los nin\u0303os. Contribuir a formar ciudadanos auto\u0301nomos, cri\u0301ticos, conscientes y comprometidos.<\/p>\n<p>&nbsp;<\/p>\n<\/div>\n<\/div>\n<\/div>\n<\/div>\n<\/div>\n\t\t<\/div><\/div><\/div><\/div><div id=\"pg-10-2\"  class=\"panel-grid panel-has-style\" ><div class=\"significado panel-row-style panel-row-style-for-10-2\" ><div id=\"pgc-10-2-0\"  class=\"panel-grid-cell\" ><div id=\"panel-10-2-0-0\" class=\"so-panel widget widget_sow-editor panel-first-child panel-last-child\" data-index=\"2\" ><div\n\t\t\t\n\t\t\tclass=\"so-widget-sow-editor so-widget-sow-editor-base\"\n\t\t\t\n\t\t><h3 class=\"widget-title\">Meaning Snails<\/h3>\n<div class=\"siteorigin-widget-tinymce textwidget\">\n\t<p>Under the name chosen for our school, Montessori Caracoliris, hides a very special meaning, which represents our work in the integral development of the child. The internal compartmentalization of a snail simulates growth from the inside, becoming bigger and bigger, until it reaches maturity. The Nautilus is characterized by its beauty, strength to endure and integrity. The colors that we have assigned to this image represent areas of development, qualities and characteristics that are at the forefront of our methodology.<\/p>\n<\/div>\n<\/div><\/div><\/div><\/div><\/div><div id=\"pg-10-3\"  class=\"panel-grid panel-has-style\" ><div class=\"fila_colores panel-row-style panel-row-style-for-10-3\" ><div id=\"pgc-10-3-0\"  class=\"panel-grid-cell\" ><div id=\"panel-10-3-0-0\" class=\"so-panel widget widget_media_image panel-first-child panel-last-child\" data-index=\"3\" ><div class=\"punto-color punto-verde panel-widget-style panel-widget-style-for-10-3-0-0\" ><img loading=\"lazy\" decoding=\"async\" width=\"33\" height=\"33\" src=\"https:\/\/www.imsc.es\/en\/wp-content\/uploads\/sites\/4\/2018\/09\/mesa-de-trabajo-1-copia-8.png\" class=\"image wp-image-128  attachment-full size-full\" alt=\"\" style=\"max-width: 100%; height: auto;\" \/><\/div><\/div><\/div><div id=\"pgc-10-3-1\"  class=\"panel-grid-cell\" ><div id=\"panel-10-3-1-0\" class=\"so-panel widget widget_media_image panel-first-child\" data-index=\"4\" ><img loading=\"lazy\" decoding=\"async\" width=\"300\" height=\"300\" src=\"https:\/\/www.imsc.es\/en\/wp-content\/uploads\/sites\/4\/2019\/02\/logo-footer-300x300.png\" class=\"image wp-image-658  attachment-medium size-medium\" alt=\"Logo Filosof\u00eda\" style=\"max-width: 100%; height: auto;\" srcset=\"https:\/\/www.imsc.es\/en\/wp-content\/uploads\/sites\/4\/2019\/02\/logo-footer-300x300.png 300w, https:\/\/www.imsc.es\/en\/wp-content\/uploads\/sites\/4\/2019\/02\/logo-footer-150x150.png 150w, https:\/\/www.imsc.es\/en\/wp-content\/uploads\/sites\/4\/2019\/02\/logo-footer-768x768.png 768w, https:\/\/www.imsc.es\/en\/wp-content\/uploads\/sites\/4\/2019\/02\/logo-footer-1024x1024.png 1024w, https:\/\/www.imsc.es\/en\/wp-content\/uploads\/sites\/4\/2019\/02\/logo-footer-70x70.png 70w, https:\/\/www.imsc.es\/en\/wp-content\/uploads\/sites\/4\/2019\/02\/logo-footer-270x270.png 270w, https:\/\/www.imsc.es\/en\/wp-content\/uploads\/sites\/4\/2019\/02\/logo-footer-120x120.png 120w, https:\/\/www.imsc.es\/en\/wp-content\/uploads\/sites\/4\/2019\/02\/logo-footer.png 1920w\" sizes=\"auto, (max-width: 300px) 100vw, 300px\" \/><\/div><div id=\"panel-10-3-1-1\" class=\"so-panel widget widget_text panel-last-child\" data-index=\"5\" ><div class=\"color panel-widget-style panel-widget-style-for-10-3-1-1\" >\t\t\t<div class=\"textwidget\"><h4 style=\"color: #a0d468;\">Green<\/h4>\n<p>Calm, hope and satisfaction. To know how to wait, to dedicate time and to trust in oneself.<\/p>\n<\/div>\n\t\t<\/div><\/div><\/div><div id=\"pgc-10-3-2\"  class=\"panel-grid-cell\" ><div id=\"panel-10-3-2-0\" class=\"so-panel widget widget_media_image panel-first-child\" data-index=\"6\" ><div class=\"punto-color fila1 panel-widget-style panel-widget-style-for-10-3-2-0\" ><img loading=\"lazy\" decoding=\"async\" width=\"33\" height=\"33\" src=\"https:\/\/www.imsc.es\/en\/wp-content\/uploads\/sites\/4\/2018\/09\/mesa-de-trabajo-1-copia-5-8.png\" class=\"image wp-image-126  attachment-full size-full\" alt=\"\" style=\"max-width: 100%; height: auto;\" \/><\/div><\/div><div id=\"panel-10-3-2-1\" class=\"so-panel widget widget_media_image\" data-index=\"7\" ><div class=\"punto-color panel-widget-style panel-widget-style-for-10-3-2-1\" ><img loading=\"lazy\" decoding=\"async\" width=\"34\" height=\"33\" src=\"https:\/\/www.imsc.es\/en\/wp-content\/uploads\/sites\/4\/2018\/09\/mesa-de-trabajo-1-copia-2-8.png\" class=\"image wp-image-123  attachment-full size-full\" alt=\"\" style=\"max-width: 100%; height: auto;\" \/><\/div><\/div><div id=\"panel-10-3-2-2\" class=\"so-panel widget widget_media_image panel-last-child\" data-index=\"8\" ><div class=\"punto-color fila3 panel-widget-style panel-widget-style-for-10-3-2-2\" ><img loading=\"lazy\" decoding=\"async\" width=\"33\" height=\"34\" src=\"https:\/\/www.imsc.es\/en\/wp-content\/uploads\/sites\/4\/2018\/09\/mesa-de-trabajo-1-copia-6-8.png\" class=\"image wp-image-127  attachment-full size-full\" alt=\"\" style=\"max-width: 100%; height: auto;\" \/><\/div><\/div><\/div><div id=\"pgc-10-3-3\"  class=\"panel-grid-cell\" ><div id=\"panel-10-3-3-0\" class=\"so-panel widget widget_text panel-first-child\" data-index=\"9\" ><div class=\"color panel-widget-style panel-widget-style-for-10-3-3-0\" >\t\t\t<div class=\"textwidget\"><h4 style=\"color: #4fc1e9;\">Blue<\/h4>\n<p>Loyalty and personality to decide.<\/p>\n<\/div>\n\t\t<\/div><\/div><div id=\"panel-10-3-3-1\" class=\"so-panel widget widget_text\" data-index=\"10\" ><div class=\"color panel-widget-style panel-widget-style-for-10-3-3-1\" >\t\t\t<div class=\"textwidget\"><h4 style=\"color: #870190;\">Purple<\/h4>\n<p>Nobility and respect for others and oneself.<\/p>\n<\/div>\n\t\t<\/div><\/div><div id=\"panel-10-3-3-2\" class=\"so-panel widget widget_text panel-last-child\" data-index=\"11\" ><div class=\"color panel-widget-style panel-widget-style-for-10-3-3-2\" >\t\t\t<div class=\"textwidget\"><h4 style=\"color: #fc6e51;\">Orange<\/h4>\n<p>Movement and spontaneity to be free.<\/p>\n<\/div>\n\t\t<\/div><\/div><\/div><div id=\"pgc-10-3-4\"  class=\"panel-grid-cell\" ><div id=\"panel-10-3-4-0\" class=\"so-panel widget widget_media_image panel-first-child\" data-index=\"12\" ><div class=\"punto-color fila1 panel-widget-style panel-widget-style-for-10-3-4-0\" ><img loading=\"lazy\" decoding=\"async\" width=\"33\" height=\"33\" src=\"https:\/\/www.imsc.es\/en\/wp-content\/uploads\/sites\/4\/2018\/09\/mesa-de-trabajo-1-8.png\" class=\"image wp-image-129  attachment-full size-full\" alt=\"\" style=\"max-width: 100%; height: auto;\" \/><\/div><\/div><div id=\"panel-10-3-4-1\" class=\"so-panel widget widget_media_image\" data-index=\"13\" ><div class=\"punto-color fila1  panel-widget-style panel-widget-style-for-10-3-4-1\" ><img loading=\"lazy\" decoding=\"async\" width=\"33\" height=\"34\" src=\"https:\/\/www.imsc.es\/en\/wp-content\/uploads\/sites\/4\/2018\/09\/mesa-de-trabajo-1-copia-3-8.png\" class=\"image wp-image-124  attachment-full size-full\" alt=\"\" style=\"max-width: 100%; height: auto;\" \/><\/div><\/div><div id=\"panel-10-3-4-2\" class=\"so-panel widget widget_media_image panel-last-child\" data-index=\"14\" ><div class=\"punto-color panel-widget-style panel-widget-style-for-10-3-4-2\" ><img loading=\"lazy\" decoding=\"async\" width=\"33\" height=\"33\" src=\"https:\/\/www.imsc.es\/en\/wp-content\/uploads\/sites\/4\/2018\/09\/mesa-de-trabajo-1-copia-4-8.png\" class=\"image wp-image-125  attachment-full size-full\" alt=\"\" style=\"max-width: 100%; height: auto;\" \/><\/div><\/div><\/div><div id=\"pgc-10-3-5\"  class=\"panel-grid-cell\" ><div id=\"panel-10-3-5-0\" class=\"so-panel widget widget_text panel-first-child\" data-index=\"15\" ><div class=\"color panel-widget-style panel-widget-style-for-10-3-5-0\" >\t\t\t<div class=\"textwidget\"><h4 style=\"color: #ed5565;\">Red<\/h4>\n<p>Love and passion for what we do and for those around us.<\/p>\n<\/div>\n\t\t<\/div><\/div><div id=\"panel-10-3-5-1\" class=\"so-panel widget widget_text\" data-index=\"16\" ><div class=\"color panel-widget-style panel-widget-style-for-10-3-5-1\" >\t\t\t<div class=\"textwidget\"><h4 style=\"color: #ffce54;\">Yellow<\/h4>\n<p>Intelligence and strength to face great challenges.<\/p>\n<\/div>\n\t\t<\/div><\/div><div id=\"panel-10-3-5-2\" class=\"so-panel widget widget_text panel-last-child\" data-index=\"17\" ><div class=\"color panel-widget-style panel-widget-style-for-10-3-5-2\" >\t\t\t<div class=\"textwidget\"><h4 style=\"color: #da9ffb;\">Violet<\/h4>\n<p>Spirituality and intuition.<br \/>\nBelieving in the inner capacities to be able to do.<\/p>\n<\/div>\n\t\t<\/div><\/div><\/div><\/div><\/div><div id=\"pg-10-4\"  class=\"panel-grid panel-has-style\" ><div class=\"valores-tit panel-row-style panel-row-style-for-10-4\" ><div id=\"pgc-10-4-0\"  class=\"panel-grid-cell\" ><div id=\"panel-10-4-0-0\" class=\"so-panel widget widget_text panel-first-child panel-last-child\" data-index=\"18\" ><h3 class=\"widget-title\">Values<\/h3>\t\t\t<div class=\"textwidget\"><\/div>\n\t\t<\/div><\/div><\/div><\/div><div id=\"pg-10-5\"  class=\"panel-grid panel-has-style\" ><div class=\"valores panel-row-style panel-row-style-for-10-5\" ><div id=\"pgc-10-5-0\"  class=\"panel-grid-cell\" ><div id=\"panel-10-5-0-0\" class=\"so-panel widget widget_text panel-first-child panel-last-child\" data-index=\"19\" ><div class=\"par panel-widget-style panel-widget-style-for-10-5-0-0\" >\t\t\t<div class=\"textwidget\"><p>Respeto<\/p>\n<\/div>\n\t\t<\/div><\/div><\/div><div id=\"pgc-10-5-1\"  class=\"panel-grid-cell\" ><div id=\"panel-10-5-1-0\" class=\"so-panel widget widget_text panel-first-child panel-last-child\" data-index=\"20\" ><div class=\"impar panel-widget-style panel-widget-style-for-10-5-1-0\" >\t\t\t<div class=\"textwidget\"><p>Responsabilidad<\/p>\n<\/div>\n\t\t<\/div><\/div><\/div><div id=\"pgc-10-5-2\"  class=\"panel-grid-cell\" ><div id=\"panel-10-5-2-0\" class=\"so-panel widget widget_text panel-first-child panel-last-child\" data-index=\"21\" ><div class=\"par panel-widget-style panel-widget-style-for-10-5-2-0\" >\t\t\t<div class=\"textwidget\"><p>Amor<\/p>\n<\/div>\n\t\t<\/div><\/div><\/div><div id=\"pgc-10-5-3\"  class=\"panel-grid-cell\" ><div id=\"panel-10-5-3-0\" class=\"so-panel widget widget_text panel-first-child panel-last-child\" data-index=\"22\" ><div class=\"impar panel-widget-style panel-widget-style-for-10-5-3-0\" >\t\t\t<div class=\"textwidget\"><p>Nobleza<\/p>\n<\/div>\n\t\t<\/div><\/div><\/div><div id=\"pgc-10-5-4\"  class=\"panel-grid-cell\" ><div id=\"panel-10-5-4-0\" class=\"so-panel widget widget_text panel-first-child panel-last-child\" data-index=\"23\" ><div class=\"par panel-widget-style panel-widget-style-for-10-5-4-0\" >\t\t\t<div class=\"textwidget\"><p>Fortaleza<\/p>\n<\/div>\n\t\t<\/div><\/div><\/div><div id=\"pgc-10-5-5\"  class=\"panel-grid-cell\" ><div id=\"panel-10-5-5-0\" class=\"so-panel widget widget_text panel-first-child panel-last-child\" data-index=\"24\" ><div class=\"impar panel-widget-style panel-widget-style-for-10-5-5-0\" >\t\t\t<div class=\"textwidget\"><p>Libertad<\/p>\n<\/div>\n\t\t<\/div><\/div><\/div><div id=\"pgc-10-5-6\"  class=\"panel-grid-cell\" ><div id=\"panel-10-5-6-0\" class=\"so-panel widget widget_text panel-first-child panel-last-child\" data-index=\"25\" ><div class=\"par panel-widget-style panel-widget-style-for-10-5-6-0\" >\t\t\t<div class=\"textwidget\"><p>Espiritualidad<\/p>\n<\/div>\n\t\t<\/div><\/div><\/div><div id=\"pgc-10-5-7\"  class=\"panel-grid-cell\" ><div id=\"panel-10-5-7-0\" class=\"so-panel widget widget_text panel-first-child panel-last-child\" data-index=\"26\" ><div class=\"impar panel-widget-style panel-widget-style-for-10-5-7-0\" >\t\t\t<div class=\"textwidget\"><p>Personalidad<\/p>\n<\/div>\n\t\t<\/div><\/div><\/div><\/div><\/div><div id=\"pg-10-6\"  class=\"panel-grid panel-no-style\" ><div id=\"pgc-10-6-0\"  class=\"panel-grid-cell\" ><div id=\"panel-10-6-0-0\" class=\"so-panel widget widget_text panel-first-child panel-last-child\" data-index=\"27\" >\t\t\t<div class=\"textwidget\"><p>&nbsp;<\/p>\n<ol>\n<li>Respect and honesty for oneself and others.<\/li>\n<li>Community of sensitive observation, cooperation, inclusion and lifelong learning<\/li>\n<li>Responsibility in our own thoughts, actions, choices and decisions.<\/li>\n<li>Humanity to learn from the adversity of our personal mistakes and challenges.<\/li>\n<li>Constructive autonomy to experiment.<\/li>\n<li>Education for Peace and Emotional Development<\/li>\n<li>Training and vocation in the Montessori philosophy.<\/li>\n<li>Commitment in the cultivation of relationships, free choice and social improvement.<\/li>\n<\/ol>\n<\/div>\n\t\t<\/div><\/div><\/div><div id=\"pg-10-7\"  class=\"panel-grid panel-has-style\" ><div class=\"ultimas-noticias singular siteorigin-panels-stretch panel-row-style panel-row-style-for-10-7\" data-stretch-type=\"full\" ><div id=\"pgc-10-7-0\"  class=\"panel-grid-cell\" ><div id=\"panel-10-7-0-0\" class=\"so-panel widget widget_widget_latest_posts widget_latest_posts panel-first-child panel-last-child\" data-index=\"28\" ><div class=\"entradas panel-widget-style panel-widget-style-for-10-7-0-0\" >\n\t\t<h3 class=\"widget-title\">Latest News<\/h3>\n\t\t<div class=\"ultimas-entradas\"><a href=\"https:\/\/www.imsc.es\/en\/blog\/2022\/04\/08\/the-new-course-begins-at-montessori-caracoliris\/\" class=\"item-post\"><div class=\"fecha-post\">08\/04\/2022<\/div><h3 class=\"widget-title-blog\">The new course begins at Montessori Caracoliris<\/h3><\/a><\/div><\/div><\/div><\/div><\/div><\/div><div id=\"pg-10-8\"  class=\"panel-grid panel-has-style\" ><div class=\"informacion singular siteorigin-panels-stretch panel-row-style panel-row-style-for-10-8\" data-stretch-type=\"full\" ><div id=\"pgc-10-8-0\"  class=\"panel-grid-cell\" ><div id=\"panel-10-8-0-0\" class=\"so-panel widget widget_text panel-first-child\" data-index=\"29\" ><h3 class=\"widget-title\">Information +34 606 064 429 \/ +34 625 906 714<\/h3>\t\t\t<div class=\"textwidget\"><p>Avda. de la M\u00fasica, 120 Alhaur\u00edn de la Torre (M\u00e1laga)<\/p>\n<\/div>\n\t\t<\/div><div id=\"panel-10-8-0-1\" class=\"so-panel widget panel-last-child\" data-index=\"30\" ><\/div><\/div><\/div><\/div><\/div>","protected":false},"excerpt":{"rendered":"<p>The Montessori Caracoliris School was born as a response to the demand for a new methodology of education in Malaga.<\/p>\n","protected":false},"author":1,"featured_media":112,"parent":183,"menu_order":1,"comment_status":"closed","ping_status":"closed","template":"","meta":{"inline_featured_image":false,"_genesis_hide_title":false,"_genesis_hide_breadcrumbs":false,"_genesis_hide_singular_image":false,"_genesis_hide_footer_widgets":false,"_genesis_custom_body_class":"","_genesis_custom_post_class":"","_genesis_layout":"","footnotes":""},"class_list":{"0":"post-10","1":"page","2":"type-page","3":"status-publish","4":"has-post-thumbnail","6":"entry"},"yoast_head":"<!-- This site is optimized with the Yoast SEO plugin v25.3 - https:\/\/yoast.com\/wordpress\/plugins\/seo\/ -->\n<title>Colegio Internacional Montessori Caracoliris - Meet our school<\/title>\n<meta name=\"description\" content=\"Caracoliris offers its students a learning methodology based on the Montessori method of learning through experimentation.\" \/>\n<meta name=\"robots\" content=\"index, follow, max-snippet:-1, max-image-preview:large, max-video-preview:-1\" \/>\n<link rel=\"canonical\" href=\"https:\/\/www.imsc.es\/en\/home\/philosophy-montessori\/\" \/>\n<meta property=\"og:locale\" content=\"en_US\" \/>\n<meta property=\"og:type\" content=\"article\" \/>\n<meta property=\"og:title\" content=\"Colegio Internacional Montessori Caracoliris - Meet our school\" \/>\n<meta property=\"og:description\" content=\"Caracoliris offers its students a learning methodology based on the Montessori method of learning through experimentation.\" \/>\n<meta property=\"og:url\" content=\"https:\/\/www.imsc.es\/en\/home\/philosophy-montessori\/\" \/>\n<meta property=\"og:site_name\" content=\"Caracoliris EN\" \/>\n<meta property=\"article:modified_time\" content=\"2020-02-26T08:01:15+00:00\" \/>\n<meta property=\"og:image\" content=\"https:\/\/www.imsc.es\/en\/wp-content\/uploads\/sites\/4\/2018\/09\/escuela-montessori-en-malaga.png\" \/>\n\t<meta property=\"og:image:width\" content=\"1000\" \/>\n\t<meta property=\"og:image:height\" content=\"563\" \/>\n\t<meta property=\"og:image:type\" content=\"image\/png\" \/>\n<meta name=\"twitter:card\" content=\"summary_large_image\" \/>\n<meta name=\"twitter:label1\" content=\"Est. reading time\" \/>\n\t<meta name=\"twitter:data1\" content=\"2 minutes\" \/>\n<script type=\"application\/ld+json\" class=\"yoast-schema-graph\">{\"@context\":\"https:\/\/schema.org\",\"@graph\":[{\"@type\":\"WebPage\",\"@id\":\"https:\/\/www.imsc.es\/en\/home\/philosophy-montessori\/\",\"url\":\"https:\/\/www.imsc.es\/en\/home\/philosophy-montessori\/\",\"name\":\"Colegio Internacional Montessori Caracoliris - Meet our school\",\"isPartOf\":{\"@id\":\"https:\/\/www.imsc.es\/en\/#website\"},\"primaryImageOfPage\":{\"@id\":\"https:\/\/www.imsc.es\/en\/home\/philosophy-montessori\/#primaryimage\"},\"image\":{\"@id\":\"https:\/\/www.imsc.es\/en\/home\/philosophy-montessori\/#primaryimage\"},\"thumbnailUrl\":\"https:\/\/www.imsc.es\/en\/wp-content\/uploads\/sites\/4\/2018\/09\/escuela-montessori-en-malaga.png\",\"datePublished\":\"2018-07-03T09:55:57+00:00\",\"dateModified\":\"2020-02-26T08:01:15+00:00\",\"description\":\"Caracoliris offers its students a learning methodology based on the Montessori method of learning through experimentation.\",\"breadcrumb\":{\"@id\":\"https:\/\/www.imsc.es\/en\/home\/philosophy-montessori\/#breadcrumb\"},\"inLanguage\":\"en-US\",\"potentialAction\":[{\"@type\":\"ReadAction\",\"target\":[\"https:\/\/www.imsc.es\/en\/home\/philosophy-montessori\/\"]}]},{\"@type\":\"ImageObject\",\"inLanguage\":\"en-US\",\"@id\":\"https:\/\/www.imsc.es\/en\/home\/philosophy-montessori\/#primaryimage\",\"url\":\"https:\/\/www.imsc.es\/en\/wp-content\/uploads\/sites\/4\/2018\/09\/escuela-montessori-en-malaga.png\",\"contentUrl\":\"https:\/\/www.imsc.es\/en\/wp-content\/uploads\/sites\/4\/2018\/09\/escuela-montessori-en-malaga.png\",\"width\":1000,\"height\":563,\"caption\":\"Escuela montessori en Malaga\"},{\"@type\":\"BreadcrumbList\",\"@id\":\"https:\/\/www.imsc.es\/en\/home\/philosophy-montessori\/#breadcrumb\",\"itemListElement\":[{\"@type\":\"ListItem\",\"position\":1,\"name\":\"Portada\",\"item\":\"https:\/\/www.imsc.es\/en\/\"},{\"@type\":\"ListItem\",\"position\":2,\"name\":\"Caracoliris\",\"item\":\"https:\/\/www.imsc.es\/en\/home\/\"},{\"@type\":\"ListItem\",\"position\":3,\"name\":\"Philosophy\"}]},{\"@type\":\"WebSite\",\"@id\":\"https:\/\/www.imsc.es\/en\/#website\",\"url\":\"https:\/\/www.imsc.es\/en\/\",\"name\":\"Caracoliris EN\",\"description\":\"Colegio Biling\u00fce Formaci\u00f3n Montessori en M\u00e1laga\",\"publisher\":{\"@id\":\"https:\/\/www.imsc.es\/en\/#organization\"},\"potentialAction\":[{\"@type\":\"SearchAction\",\"target\":{\"@type\":\"EntryPoint\",\"urlTemplate\":\"https:\/\/www.imsc.es\/en\/?s={search_term_string}\"},\"query-input\":{\"@type\":\"PropertyValueSpecification\",\"valueRequired\":true,\"valueName\":\"search_term_string\"}}],\"inLanguage\":\"en-US\"},{\"@type\":\"Organization\",\"@id\":\"https:\/\/www.imsc.es\/en\/#organization\",\"name\":\"Caracoliris EN\",\"url\":\"https:\/\/www.imsc.es\/en\/\",\"logo\":{\"@type\":\"ImageObject\",\"inLanguage\":\"en-US\",\"@id\":\"https:\/\/www.imsc.es\/en\/#\/schema\/logo\/image\/\",\"url\":\"https:\/\/www.imsc.es\/en\/wp-content\/uploads\/sites\/4\/2024\/02\/logo-horizontal-colores.png\",\"contentUrl\":\"https:\/\/www.imsc.es\/en\/wp-content\/uploads\/sites\/4\/2024\/02\/logo-horizontal-colores.png\",\"width\":1908,\"height\":690,\"caption\":\"Caracoliris EN\"},\"image\":{\"@id\":\"https:\/\/www.imsc.es\/en\/#\/schema\/logo\/image\/\"}}]}<\/script>\n<!-- \/ Yoast SEO plugin. -->","yoast_head_json":{"title":"Colegio Internacional Montessori Caracoliris - Meet our school","description":"Caracoliris offers its students a learning methodology based on the Montessori method of learning through experimentation.","robots":{"index":"index","follow":"follow","max-snippet":"max-snippet:-1","max-image-preview":"max-image-preview:large","max-video-preview":"max-video-preview:-1"},"canonical":"https:\/\/www.imsc.es\/en\/home\/philosophy-montessori\/","og_locale":"en_US","og_type":"article","og_title":"Colegio Internacional Montessori Caracoliris - Meet our school","og_description":"Caracoliris offers its students a learning methodology based on the Montessori method of learning through experimentation.","og_url":"https:\/\/www.imsc.es\/en\/home\/philosophy-montessori\/","og_site_name":"Caracoliris EN","article_modified_time":"2020-02-26T08:01:15+00:00","og_image":[{"width":1000,"height":563,"url":"https:\/\/www.imsc.es\/en\/wp-content\/uploads\/sites\/4\/2018\/09\/escuela-montessori-en-malaga.png","type":"image\/png"}],"twitter_card":"summary_large_image","twitter_misc":{"Est. reading time":"2 minutes"},"schema":{"@context":"https:\/\/schema.org","@graph":[{"@type":"WebPage","@id":"https:\/\/www.imsc.es\/en\/home\/philosophy-montessori\/","url":"https:\/\/www.imsc.es\/en\/home\/philosophy-montessori\/","name":"Colegio Internacional Montessori Caracoliris - Meet our school","isPartOf":{"@id":"https:\/\/www.imsc.es\/en\/#website"},"primaryImageOfPage":{"@id":"https:\/\/www.imsc.es\/en\/home\/philosophy-montessori\/#primaryimage"},"image":{"@id":"https:\/\/www.imsc.es\/en\/home\/philosophy-montessori\/#primaryimage"},"thumbnailUrl":"https:\/\/www.imsc.es\/en\/wp-content\/uploads\/sites\/4\/2018\/09\/escuela-montessori-en-malaga.png","datePublished":"2018-07-03T09:55:57+00:00","dateModified":"2020-02-26T08:01:15+00:00","description":"Caracoliris offers its students a learning methodology based on the Montessori method of learning through experimentation.","breadcrumb":{"@id":"https:\/\/www.imsc.es\/en\/home\/philosophy-montessori\/#breadcrumb"},"inLanguage":"en-US","potentialAction":[{"@type":"ReadAction","target":["https:\/\/www.imsc.es\/en\/home\/philosophy-montessori\/"]}]},{"@type":"ImageObject","inLanguage":"en-US","@id":"https:\/\/www.imsc.es\/en\/home\/philosophy-montessori\/#primaryimage","url":"https:\/\/www.imsc.es\/en\/wp-content\/uploads\/sites\/4\/2018\/09\/escuela-montessori-en-malaga.png","contentUrl":"https:\/\/www.imsc.es\/en\/wp-content\/uploads\/sites\/4\/2018\/09\/escuela-montessori-en-malaga.png","width":1000,"height":563,"caption":"Escuela montessori en Malaga"},{"@type":"BreadcrumbList","@id":"https:\/\/www.imsc.es\/en\/home\/philosophy-montessori\/#breadcrumb","itemListElement":[{"@type":"ListItem","position":1,"name":"Portada","item":"https:\/\/www.imsc.es\/en\/"},{"@type":"ListItem","position":2,"name":"Caracoliris","item":"https:\/\/www.imsc.es\/en\/home\/"},{"@type":"ListItem","position":3,"name":"Philosophy"}]},{"@type":"WebSite","@id":"https:\/\/www.imsc.es\/en\/#website","url":"https:\/\/www.imsc.es\/en\/","name":"Caracoliris EN","description":"Colegio Biling\u00fce Formaci\u00f3n Montessori en M\u00e1laga","publisher":{"@id":"https:\/\/www.imsc.es\/en\/#organization"},"potentialAction":[{"@type":"SearchAction","target":{"@type":"EntryPoint","urlTemplate":"https:\/\/www.imsc.es\/en\/?s={search_term_string}"},"query-input":{"@type":"PropertyValueSpecification","valueRequired":true,"valueName":"search_term_string"}}],"inLanguage":"en-US"},{"@type":"Organization","@id":"https:\/\/www.imsc.es\/en\/#organization","name":"Caracoliris EN","url":"https:\/\/www.imsc.es\/en\/","logo":{"@type":"ImageObject","inLanguage":"en-US","@id":"https:\/\/www.imsc.es\/en\/#\/schema\/logo\/image\/","url":"https:\/\/www.imsc.es\/en\/wp-content\/uploads\/sites\/4\/2024\/02\/logo-horizontal-colores.png","contentUrl":"https:\/\/www.imsc.es\/en\/wp-content\/uploads\/sites\/4\/2024\/02\/logo-horizontal-colores.png","width":1908,"height":690,"caption":"Caracoliris EN"},"image":{"@id":"https:\/\/www.imsc.es\/en\/#\/schema\/logo\/image\/"}}]}},"featured_image_src":"https:\/\/www.imsc.es\/en\/wp-content\/uploads\/sites\/4\/2018\/09\/escuela-montessori-en-malaga.png","featured_image_src_square":"https:\/\/www.imsc.es\/en\/wp-content\/uploads\/sites\/4\/2018\/09\/escuela-montessori-en-malaga.png","_links":{"self":[{"href":"https:\/\/www.imsc.es\/en\/wp-json\/wp\/v2\/pages\/10","targetHints":{"allow":["GET"]}}],"collection":[{"href":"https:\/\/www.imsc.es\/en\/wp-json\/wp\/v2\/pages"}],"about":[{"href":"https:\/\/www.imsc.es\/en\/wp-json\/wp\/v2\/types\/page"}],"author":[{"embeddable":true,"href":"https:\/\/www.imsc.es\/en\/wp-json\/wp\/v2\/users\/1"}],"replies":[{"embeddable":true,"href":"https:\/\/www.imsc.es\/en\/wp-json\/wp\/v2\/comments?post=10"}],"version-history":[{"count":6,"href":"https:\/\/www.imsc.es\/en\/wp-json\/wp\/v2\/pages\/10\/revisions"}],"predecessor-version":[{"id":1076,"href":"https:\/\/www.imsc.es\/en\/wp-json\/wp\/v2\/pages\/10\/revisions\/1076"}],"up":[{"embeddable":true,"href":"https:\/\/www.imsc.es\/en\/wp-json\/wp\/v2\/pages\/183"}],"wp:featuredmedia":[{"embeddable":true,"href":"https:\/\/www.imsc.es\/en\/wp-json\/wp\/v2\/media\/112"}],"wp:attachment":[{"href":"https:\/\/www.imsc.es\/en\/wp-json\/wp\/v2\/media?parent=10"}],"curies":[{"name":"wp","href":"https:\/\/api.w.org\/{rel}","templated":true}]}}